{"id":5711,"date":"2023-05-04T11:25:46","date_gmt":"2023-05-04T15:25:46","guid":{"rendered":"https:\/\/jpa.mbc.mybluehost.me\/.website_9c6ec746\/?page_id=5711"},"modified":"2023-11-21T10:15:50","modified_gmt":"2023-11-21T15:15:50","slug":"partner-ministries","status":"publish","type":"page","link":"https:\/\/slw.sunlightchurch.com\/pt\/getinvolved\/partner-ministries\/","title":{"rendered":"Minist\u00e9rios Parceiros"},"content":{"rendered":"<div data-elementor-type=\"wp-page\" data-elementor-id=\"5711\" class=\"elementor elementor-5711\" data-elementor-post-type=\"page\">\n\t\t\t\t\t\t<section class=\"elementor-section elementor-top-section elementor-element elementor-element-14d1c48 elementor-section-boxed elementor-section-height-default elementor-section-height-default\" data-id=\"14d1c48\" data-element_type=\"section\">\n\t\t\t\t\t\t<div class=\"elementor-container elementor-column-gap-default\">\n\t\t\t\t\t<div class=\"elementor-column elementor-col-100 elementor-top-column elementor-element elementor-element-0c8f28d\" data-id=\"0c8f28d\" data-element_type=\"column\">\n\t\t\t<div class=\"elementor-widget-wrap elementor-element-populated\">\n\t\t\t\t\t\t<div class=\"elementor-element elementor-element-abbd462 elementor-widget elementor-widget-image\" data-id=\"abbd462\" data-element_type=\"widget\" data-widget_type=\"image.default\">\n\t\t\t\t<div class=\"elementor-widget-container\">\n\t\t\t\t\t\t\t\t\t\t\t\t\t<img fetchpriority=\"high\" decoding=\"async\" width=\"768\" height=\"432\" src=\"https:\/\/slw.sunlightchurch.com\/wp-content\/uploads\/2023\/05\/PARTNER-MINISTRIES.001-768x432.jpeg\" class=\"attachment-medium_large size-medium_large wp-image-5707\" alt=\"\" srcset=\"https:\/\/slw.sunlightchurch.com\/wp-content\/uploads\/2023\/05\/PARTNER-MINISTRIES.001-768x432.jpeg 768w, https:\/\/slw.sunlightchurch.com\/wp-content\/uploads\/2023\/05\/PARTNER-MINISTRIES.001-300x169.jpeg 300w, https:\/\/slw.sunlightchurch.com\/wp-content\/uploads\/2023\/05\/PARTNER-MINISTRIES.001-1024x576.jpeg 1024w, https:\/\/slw.sunlightchurch.com\/wp-content\/uploads\/2023\/05\/PARTNER-MINISTRIES.001.jpeg 1200w\" sizes=\"(max-width: 768px) 100vw, 768px\" \/>\t\t\t\t\t\t\t\t\t\t\t\t\t<\/div>\n\t\t\t\t<\/div>\n\t\t\t\t<div class=\"elementor-element elementor-element-be860a7 elementor-widget elementor-widget-heading\" data-id=\"be860a7\" data-element_type=\"widget\" data-widget_type=\"heading.default\">\n\t\t\t\t<div class=\"elementor-widget-container\">\n\t\t\t<h2 class=\"elementor-heading-title elementor-size-large\">Minist\u00e9rios Parceiros<\/h2>\t\t<\/div>\n\t\t\t\t<\/div>\n\t\t\t\t\t<\/div>\n\t\t<\/div>\n\t\t\t\t\t<\/div>\n\t\t<\/section>\n\t\t\t\t<section class=\"elementor-section elementor-top-section elementor-element elementor-element-1fdcf84 elementor-section-boxed elementor-section-height-default elementor-section-height-default\" data-id=\"1fdcf84\" data-element_type=\"section\">\n\t\t\t\t\t\t<div class=\"elementor-container elementor-column-gap-default\">\n\t\t\t\t\t<div class=\"elementor-column elementor-col-100 elementor-top-column elementor-element elementor-element-92da18f\" data-id=\"92da18f\" data-element_type=\"column\">\n\t\t\t<div class=\"elementor-widget-wrap elementor-element-populated\">\n\t\t\t\t\t\t<div class=\"elementor-element elementor-element-f6ef2f2 elementor-widget elementor-widget-text-editor\" data-id=\"f6ef2f2\" data-element_type=\"widget\" data-widget_type=\"text-editor.default\">\n\t\t\t\t<div class=\"elementor-widget-container\">\n\t\t\t\t\t\t\t<div class=\"elementor-element elementor-element-6ff8e52 elementor-widget elementor-widget-text-editor\" data-id=\"6ff8e52\" data-element_type=\"widget\" data-widget_type=\"text-editor.default\"><div class=\"elementor-widget-container\"><div class=\"elementor-text-editor elementor-clearfix\"><p>Deus est\u00e1 trabalhando em Port Saint Lucie atrav\u00e9s de v\u00e1rios minist\u00e9rios diferentes.<\/p><p>Adoramos apoiar v\u00e1rios minist\u00e9rios locais e destac\u00e1-los para voc\u00ea ver se eles tamb\u00e9m s\u00e3o adequados para voc\u00ea.<\/p><\/div><\/div><\/div>\t\t\t\t\t\t<\/div>\n\t\t\t\t<\/div>\n\t\t\t\t\t<\/div>\n\t\t<\/div>\n\t\t\t\t\t<\/div>\n\t\t<\/section>\n\t\t\t\t<section class=\"elementor-section elementor-top-section elementor-element elementor-element-eab4c04 elementor-section-boxed elementor-section-height-default elementor-section-height-default\" data-id=\"eab4c04\" data-element_type=\"section\">\n\t\t\t\t\t\t<div class=\"elementor-container elementor-column-gap-default\">\n\t\t\t\t\t<div class=\"elementor-column elementor-col-50 elementor-top-column elementor-element elementor-element-4d434a5\" data-id=\"4d434a5\" data-element_type=\"column\">\n\t\t\t<div class=\"elementor-widget-wrap elementor-element-populated\">\n\t\t\t\t\t\t<div class=\"elementor-element elementor-element-1716bd6 elementor-widget elementor-widget-image\" data-id=\"1716bd6\" data-element_type=\"widget\" data-widget_type=\"image.default\">\n\t\t\t\t<div class=\"elementor-widget-container\">\n\t\t\t\t\t\t\t\t\t\t\t\t\t<img decoding=\"async\" width=\"1200\" height=\"675\" src=\"https:\/\/slw.sunlightchurch.com\/wp-content\/uploads\/2023\/05\/gaurd-ad-litem.001.jpeg\" class=\"attachment-1536x1536 size-1536x1536 wp-image-5713\" alt=\"\" srcset=\"https:\/\/slw.sunlightchurch.com\/wp-content\/uploads\/2023\/05\/gaurd-ad-litem.001.jpeg 1200w, https:\/\/slw.sunlightchurch.com\/wp-content\/uploads\/2023\/05\/gaurd-ad-litem.001-300x169.jpeg 300w, https:\/\/slw.sunlightchurch.com\/wp-content\/uploads\/2023\/05\/gaurd-ad-litem.001-1024x576.jpeg 1024w, https:\/\/slw.sunlightchurch.com\/wp-content\/uploads\/2023\/05\/gaurd-ad-litem.001-768x432.jpeg 768w\" sizes=\"(max-width: 1200px) 100vw, 1200px\" \/>\t\t\t\t\t\t\t\t\t\t\t\t\t<\/div>\n\t\t\t\t<\/div>\n\t\t\t\t<div class=\"elementor-element elementor-element-3c7e120 elementor-widget elementor-widget-heading\" data-id=\"3c7e120\" data-element_type=\"widget\" data-widget_type=\"heading.default\">\n\t\t\t\t<div class=\"elementor-widget-container\">\n\t\t\t<h2 class=\"elementor-heading-title elementor-size-default\">Guardi\u00e3o ad Litem<\/h2>\t\t<\/div>\n\t\t\t\t<\/div>\n\t\t\t\t<div class=\"elementor-element elementor-element-61203ae elementor-widget elementor-widget-text-editor\" data-id=\"61203ae\" data-element_type=\"widget\" data-widget_type=\"text-editor.default\">\n\t\t\t\t<div class=\"elementor-widget-container\">\n\t\t\t\t\t\t\t<p>O Florida Statewide Guardian ad Litem Office representa crian\u00e7as v\u00edtimas de abuso, abandono e neglig\u00eancia nos tribunais e na comunidade. Atrav\u00e9s da colabora\u00e7\u00e3o de uma equipe multidisciplinar, a equipe do Florida Guardian ad Litem Office fornece representa\u00e7\u00e3o legal independente e de qualidade para essas crian\u00e7as, ao mesmo tempo que as ajuda a expressar suas necessidades e desejos. Esta abordagem \u00fanica apoia a crian\u00e7a como um todo, atendendo \u00e0s suas necessidades f\u00edsicas, educacionais, mentais, emocionais, sociais e legais.\u00a0<\/p><p><span style=\"color: var( --e-global-color-text );\">Os tutores ad Litem tornam-se pessoas em quem as nossas crian\u00e7as mais vulner\u00e1veis podem confiar, ajudando a ser a sua voz e um adulto da sua comunidade que ser\u00e1 uma presen\u00e7a consistente e positiva nas suas vidas. Como equipe, o Florida Guardian ad Litem Office oferece defesa de direitos poderosa, eficaz e de alta qualidade com um objetivo: que cada crian\u00e7a encontre um lar seguro, amoroso e permanente onde possa prosperar. Para saber mais sobre como se envolver e fazer a diferen\u00e7a na vida de uma crian\u00e7a hoje, clique no link abaixo.<\/span><\/p><div><i><span style=\"font-size: 11pt; font-family: Calibri, sans-serif; color: black;\">\u00a0<\/span><\/i><\/div>\t\t\t\t\t\t<\/div>\n\t\t\t\t<\/div>\n\t\t\t\t<div class=\"elementor-element elementor-element-9c0dbb5 elementor-align-center elementor-widget elementor-widget-button\" data-id=\"9c0dbb5\" data-element_type=\"widget\" data-widget_type=\"button.default\">\n\t\t\t\t<div class=\"elementor-widget-container\">\n\t\t\t\t\t\t\t<div class=\"elementor-button-wrapper\">\n\t\t\t\t\t<a class=\"elementor-button elementor-button-link elementor-size-md elementor-animation-grow\" href=\"http:\/\/www.guardianadlitem.org\">\n\t\t\t\t\t\t<span class=\"elementor-button-content-wrapper\">\n\t\t\t\t\t\t\t\t\t<span class=\"elementor-button-text\">Visite o site<\/span>\n\t\t\t\t\t<\/span>\n\t\t\t\t\t<\/a>\n\t\t\t\t<\/div>\n\t\t\t\t\t\t<\/div>\n\t\t\t\t<\/div>\n\t\t\t\t\t<\/div>\n\t\t<\/div>\n\t\t\t\t<div class=\"elementor-column elementor-col-50 elementor-top-column elementor-element elementor-element-0be31b9\" data-id=\"0be31b9\" data-element_type=\"column\">\n\t\t\t<div class=\"elementor-widget-wrap elementor-element-populated\">\n\t\t\t\t\t\t<div class=\"elementor-element elementor-element-ec5a9a0 elementor-widget elementor-widget-image\" data-id=\"ec5a9a0\" data-element_type=\"widget\" data-widget_type=\"image.default\">\n\t\t\t\t<div class=\"elementor-widget-container\">\n\t\t\t\t\t\t\t\t\t\t\t\t\t<img decoding=\"async\" width=\"800\" height=\"450\" src=\"https:\/\/slw.sunlightchurch.com\/wp-content\/uploads\/2023\/05\/carenet.001-1024x576.jpeg\" class=\"attachment-large size-large wp-image-5714\" alt=\"\" srcset=\"https:\/\/slw.sunlightchurch.com\/wp-content\/uploads\/2023\/05\/carenet.001-1024x576.jpeg 1024w, https:\/\/slw.sunlightchurch.com\/wp-content\/uploads\/2023\/05\/carenet.001-300x169.jpeg 300w, https:\/\/slw.sunlightchurch.com\/wp-content\/uploads\/2023\/05\/carenet.001-768x432.jpeg 768w, https:\/\/slw.sunlightchurch.com\/wp-content\/uploads\/2023\/05\/carenet.001.jpeg 1200w\" sizes=\"(max-width: 800px) 100vw, 800px\" \/>\t\t\t\t\t\t\t\t\t\t\t\t\t<\/div>\n\t\t\t\t<\/div>\n\t\t\t\t<div class=\"elementor-element elementor-element-1a73cb0 elementor-widget elementor-widget-heading\" data-id=\"1a73cb0\" data-element_type=\"widget\" data-widget_type=\"heading.default\">\n\t\t\t\t<div class=\"elementor-widget-container\">\n\t\t\t<h2 class=\"elementor-heading-title elementor-size-default\">CareNet<\/h2>\t\t<\/div>\n\t\t\t\t<\/div>\n\t\t\t\t<div class=\"elementor-element elementor-element-33ded13 elementor-widget elementor-widget-text-editor\" data-id=\"33ded13\" data-element_type=\"widget\" data-widget_type=\"text-editor.default\">\n\t\t\t\t<div class=\"elementor-widget-container\">\n\t\t\t\t\t\t\t<div id=\"comp-l5ljcjeb\" data-testid=\"richTextElement\"><p>Procurando solu\u00e7\u00f5es para gravidez n\u00e3o planejada? N\u00f3s protegemos voc\u00ea!<\/p><\/div><div id=\"comp-l5ljd7y22\" data-testid=\"richTextElement\"><p>Acreditamos que as mulheres que tomam decis\u00f5es sobre sa\u00fade reprodutiva merecem um lugar que n\u00e3o se beneficie financeiramente de qualquer decis\u00e3o que tomem. Oferecemos atendimento discreto, sem press\u00e3o e de qualidade, sem discurso de vendas. Quaisquer que sejam as circunst\u00e2ncias que voc\u00ea esteja enfrentando, n\u00f3s protegemos voc\u00ea.<\/p><\/div>\t\t\t\t\t\t<\/div>\n\t\t\t\t<\/div>\n\t\t\t\t<div class=\"elementor-element elementor-element-e98f8b9 elementor-align-center elementor-widget elementor-widget-button\" data-id=\"e98f8b9\" data-element_type=\"widget\" data-widget_type=\"button.default\">\n\t\t\t\t<div class=\"elementor-widget-container\">\n\t\t\t\t\t\t\t<div class=\"elementor-button-wrapper\">\n\t\t\t\t\t<a class=\"elementor-button elementor-button-link elementor-size-md elementor-animation-grow\" href=\"https:\/\/www.carenettc.com\/\">\n\t\t\t\t\t\t<span class=\"elementor-button-content-wrapper\">\n\t\t\t\t\t\t\t\t\t<span class=\"elementor-button-text\">Visite o site<\/span>\n\t\t\t\t\t<\/span>\n\t\t\t\t\t<\/a>\n\t\t\t\t<\/div>\n\t\t\t\t\t\t<\/div>\n\t\t\t\t<\/div>\n\t\t\t\t\t<\/div>\n\t\t<\/div>\n\t\t\t\t\t<\/div>\n\t\t<\/section>\n\t\t\t\t<\/div>","protected":false},"excerpt":{"rendered":"<p>Partner Ministries God is at work in Port Saint Lucie through a number of different ministries. We love supporting several local ministries and highlighting them for you to see if [&hellip;]<\/p>","protected":false},"author":2,"featured_media":0,"parent":979,"menu_order":0,"comment_status":"closed","ping_status":"closed","template":"","meta":{"footnotes":""},"class_list":["post-5711","page","type-page","status-publish","hentry"],"_links":{"self":[{"href":"https:\/\/slw.sunlightchurch.com\/pt\/wp-json\/wp\/v2\/pages\/5711","targetHints":{"allow":["GET"]}}],"collection":[{"href":"https:\/\/slw.sunlightchurch.com\/pt\/wp-json\/wp\/v2\/pages"}],"about":[{"href":"https:\/\/slw.sunlightchurch.com\/pt\/wp-json\/wp\/v2\/types\/page"}],"author":[{"embeddable":true,"href":"https:\/\/slw.sunlightchurch.com\/pt\/wp-json\/wp\/v2\/users\/2"}],"replies":[{"embeddable":true,"href":"https:\/\/slw.sunlightchurch.com\/pt\/wp-json\/wp\/v2\/comments?post=5711"}],"version-history":[{"count":8,"href":"https:\/\/slw.sunlightchurch.com\/pt\/wp-json\/wp\/v2\/pages\/5711\/revisions"}],"predecessor-version":[{"id":9023,"href":"https:\/\/slw.sunlightchurch.com\/pt\/wp-json\/wp\/v2\/pages\/5711\/revisions\/9023"}],"up":[{"embeddable":true,"href":"https:\/\/slw.sunlightchurch.com\/pt\/wp-json\/wp\/v2\/pages\/979"}],"wp:attachment":[{"href":"https:\/\/slw.sunlightchurch.com\/pt\/wp-json\/wp\/v2\/media?parent=5711"}],"curies":[{"name":"wp","href":"https:\/\/api.w.org\/{rel}","templated":true}]}}