{"id":5220,"date":"2022-08-24T11:12:52","date_gmt":"2022-08-24T15:12:52","guid":{"rendered":"https:\/\/jpa.mbc.mybluehost.me\/.website_9c6ec746\/?page_id=5220"},"modified":"2023-11-21T10:15:45","modified_gmt":"2023-11-21T15:15:45","slug":"prayer","status":"publish","type":"page","link":"https:\/\/slw.sunlightchurch.com\/pt\/getinvolved\/prayer\/","title":{"rendered":"Ora\u00e7\u00e3o"},"content":{"rendered":"<div data-elementor-type=\"wp-page\" data-elementor-id=\"5220\" class=\"elementor elementor-5220\" data-elementor-post-type=\"page\">\n\t\t\t\t\t\t<section class=\"elementor-section elementor-top-section elementor-element elementor-element-a7e7873 elementor-section-boxed elementor-section-height-default elementor-section-height-default\" data-id=\"a7e7873\" data-element_type=\"section\">\n\t\t\t\t\t\t<div class=\"elementor-container elementor-column-gap-default\">\n\t\t\t\t\t<div class=\"elementor-column elementor-col-100 elementor-top-column elementor-element elementor-element-06acfa8\" data-id=\"06acfa8\" data-element_type=\"column\">\n\t\t\t<div class=\"elementor-widget-wrap elementor-element-populated\">\n\t\t\t\t\t\t<div class=\"elementor-element elementor-element-c2817cd elementor-widget elementor-widget-image\" data-id=\"c2817cd\" data-element_type=\"widget\" data-widget_type=\"image.default\">\n\t\t\t\t<div class=\"elementor-widget-container\">\n\t\t\t\t\t\t\t\t\t\t\t\t\t<img fetchpriority=\"high\" decoding=\"async\" width=\"768\" height=\"473\" src=\"https:\/\/slw.sunlightchurch.com\/wp-content\/uploads\/2022\/08\/prayercircle-768x473.png\" class=\"attachment-medium_large size-medium_large wp-image-5152\" alt=\"\" srcset=\"https:\/\/slw.sunlightchurch.com\/wp-content\/uploads\/2022\/08\/prayercircle-768x473.png 768w, https:\/\/slw.sunlightchurch.com\/wp-content\/uploads\/2022\/08\/prayercircle-300x185.png 300w, https:\/\/slw.sunlightchurch.com\/wp-content\/uploads\/2022\/08\/prayercircle-1024x630.png 1024w, https:\/\/slw.sunlightchurch.com\/wp-content\/uploads\/2022\/08\/prayercircle.png 1300w\" sizes=\"(max-width: 768px) 100vw, 768px\" \/>\t\t\t\t\t\t\t\t\t\t\t\t\t<\/div>\n\t\t\t\t<\/div>\n\t\t\t\t<div class=\"elementor-element elementor-element-ba44cc5 elementor-widget elementor-widget-heading\" data-id=\"ba44cc5\" data-element_type=\"widget\" data-widget_type=\"heading.default\">\n\t\t\t\t<div class=\"elementor-widget-container\">\n\t\t\t<h2 class=\"elementor-heading-title elementor-size-xl\">Parede de Ora\u00e7\u00e3o<\/h2>\t\t<\/div>\n\t\t\t\t<\/div>\n\t\t\t\t<div class=\"elementor-element elementor-element-ed982cc elementor-widget elementor-widget-text-editor\" data-id=\"ed982cc\" data-element_type=\"widget\" data-widget_type=\"text-editor.default\">\n\t\t\t\t<div class=\"elementor-widget-container\">\n\t\t\t\t\t\t\t<p>O Muro de Ora\u00e7\u00e3o da Igreja da Comunidade Sunlight \u00e9 um espa\u00e7o sagrado onde voc\u00ea pode compartilhar seus pedidos de ora\u00e7\u00e3o, elevando suas alegrias, preocupa\u00e7\u00f5es e esperan\u00e7as a uma comunidade amorosa. Juntos, fortalecemos nossa f\u00e9 e apoiamos uns aos outros na jornada da vida. Seja buscando conforto, orienta\u00e7\u00e3o ou celebrando b\u00ean\u00e7\u00e3os, vamos nos unir em ora\u00e7\u00e3o. Visite nosso Mural de Ora\u00e7\u00e3o abaixo e se voc\u00ea est\u00e1 aqui para solicitar ora\u00e7\u00e3o ou para orar por outra pessoa, sua voz \u00e9 importante aqui.<\/p>\t\t\t\t\t\t<\/div>\n\t\t\t\t<\/div>\n\t\t\t\t<div class=\"elementor-element elementor-element-8e65040 elementor-widget elementor-widget-text-editor\" data-id=\"8e65040\" data-element_type=\"widget\" data-widget_type=\"text-editor.default\">\n\t\t\t\t<div class=\"elementor-widget-container\">\n\t\t\t\t\t\t\t<h3>\u201cEu te invoco, meu Deus, porque voc\u00ea me responder\u00e1; volte seus ouvidos para mim e ou\u00e7a minha ora\u00e7\u00e3o. Salmo 17:6<\/h3>\t\t\t\t\t\t<\/div>\n\t\t\t\t<\/div>\n\t\t\t\t<div class=\"elementor-element elementor-element-e076c21 elementor-widget elementor-widget-text-editor\" data-id=\"e076c21\" data-element_type=\"widget\" data-widget_type=\"text-editor.default\">\n\t\t\t\t<div class=\"elementor-widget-container\">\n\t\t\t\t\t\t\t<p><div id=\"prayerengine\">\n\t<!-- PRAYER ENGINE PRAYER WALL - EDIT AT YOUR OWN RISK! -->\t\n\t\t\t<div id=\"pe-functions\">\n\t\t\t \n<script type=\"text\/javascript\">\n\t\tjQuery(document).ready(function() {\n\t\t\tjQuery('#pe-twitter-area').hide();\n\t\t\tjQuery('#prayerengine_prayer_tweet').focus(function() { \/\/ Replace instructions with current prayer request on click.\n\t\t\t\tvar prayer = jQuery('#prayerengine_prayer').attr('value');\n\t\t\t\tjQuery(this).val(prayer);\n\t\t\t\tjQuery(this).unbind();\n\t\t\t});\n\t\t});\n<\/script>\n\t\t\t\t\t\t\t\t\t\t\t\t\t\t<\/div>\n\t\t<div id=\"pe-container\">\n\t\t\t\t\t\t\t\t\t<div class=\"pe-explore-bar\">\n\t\t\t\t<h4 class=\"pe-form-toggle\"><a href=\"#\" class=\"pe-prayer-form\">Compartilhe seu pedido de ora\u00e7\u00e3o<\/a><\/h4>\n\t\t\t<\/div>\n\t\t\t\t\t\t<!-- begin prayer request submit form -->\n\t\t\t<div id=\"pe-submit-container\">\n\t\t\t\t<div id=\"pe-form-container\"  >\n\t\t\t\t\t\t\t\t\t\t\t\t\t\t\t<p class=\"instructions\">Bem-vindo ao Muro de Ora\u00e7\u00e3o da Igreja da Comunidade Sunlight! Voc\u00ea pode adicionar seu pedido de ora\u00e7\u00e3o ao nosso mural de ora\u00e7\u00f5es preenchendo o formul\u00e1rio abaixo. Assim que seu pedido de ora\u00e7\u00e3o for recebido, iremos compartilh\u00e1-lo de acordo com suas instru\u00e7\u00f5es. Sinta-se \u00e0 vontade para enviar quantos pedidos de ora\u00e7\u00e3o desejar!<\/p>\n\t\t\t\t\t<form action=\"https:\/\/slw.sunlightchurch.com\/pt\/getinvolved\/prayer\/?enmpe_type=p\" method=\"post\" id=\"prayerform\" data-trp-original-action=\"https:\/\/slw.sunlightchurch.com\/pt\/getinvolved\/prayer\/?enmpe_type=p\">\n\t\t\t\t\t\t<table border=\"0\" cellspacing=\"0\" cellpadding=\"0\">\n\t\t\t\t\t\t\t<tr>\n\t\t\t\t\t\t\t\t<td class=\"label\"><label for=\"prayerengine_name\">Seu nome:<\/label><\/td>\n\t\t\t\t\t\t\t\t<td class=\"inputcell\"><input type=\"text\" name=\"prayerengine_name\" value=\"\" id=\"prayerengine_name\" tabindex=\"1\" \/><\/td>\n\t\t\t\t\t\t\t<\/tr>\n\t\t\t\t\t\t\t<tr>\n\t\t\t\t\t\t\t\t<td class=\"label\"><label for=\"prayerengine_email\">Seu email:<\/label><\/td>\n\t\t\t\t\t\t\t\t<td class=\"inputcell\"><input type=\"text\" name=\"prayerengine_email\" value=\"\" id=\"prayerengine_email\" tabindex=\"2\" \/><\/td>\n\t\t\t\t\t\t\t<\/tr>\n\t\t\t\t\t\t\t\t\t\t\t\t\t\t<tr>\n\t\t\t\t\t\t\t\t<td class=\"label\"><label for=\"prayerengine_phone\">Seu telefone:<\/label><\/td>\n\t\t\t\t\t\t\t\t<td class=\"inputcell\"><input type=\"text\" name=\"prayerengine_phone\" value=\"\" id=\"prayerengine_phone\" tabindex=\"3\" \/><\/td>\n\t\t\t\t\t\t\t<\/tr>\n\t\t\t\t\t\t\t\t\t\t\t\t\t\t<tr>\n\t\t\t\t\t\t\t\t<td class=\"label dropdown\"><label for=\"prayerengine_desired_share_option\">Por favor\u2026<\/label><\/td>\n\t\t\t\t\t\t\t\t<td class=\"optioncell\">\n\t\t\t\t\t\t\t\t\t<select name=\"prayerengine_desired_share_option\" id=\"prayerengine_desired_share_option\" tabindex=\"4\">\n\t\t\t\t\t\t\t\t\t\t<option value=\"Share Online\" >Compartilhar isso<\/option>\n\t\t\t\t\t\t\t\t\t\t<option value=\"Share Online Anonymously\" >Compartilhe isso anonimamente<\/option>\n\t\t\t\t\t\t\t\t\t\t<option value=\"DO NOT Share Online\" >N\u00c3O compartilhe isso<\/option>\n\t\t\t\t\t\t\t\t\t<\/select>\n\t\t\t\t\t\t\t\t<\/td>\n\t\t\t\t\t\t\t<\/tr>\n\t\t\t\t\t\t\t<tr>\n\t\t\t\t\t\t\t\t<td class=\"label\"><label for=\"prayerengine_prayer\">Seu pedido de ora\u00e7\u00e3o:<\/label><\/td>\n\t\t\t\t\t\t\t\t<td class=\"prayercell\">\n\t\t\t\t\t\t\t\t\t<textarea name=\"prayerengine_prayer\" rows=\"10\" cols=\"50\" id=\"prayerengine_prayer\" tabindex=\"5\"><\/textarea>\n\t\t\t\t\t\t\t\t\t\t\t\t\t\t\t\t\t<\/td>\n\t\t\t\t\t\t\t<\/tr>\n\t\t\t\t\t\t\t<tr>\n\t\t\t\t\t\t\t\t<td class=\"label empty\"><\/td>\n\t\t\t\t\t\t\t\t<td class=\"optionarea\">\n\t\t\t\t\t\t\t\t\t<input name=\"prayerengine_notifyme\" id=\"prayerengine_notifyme\" type=\"checkbox\" value=\"1\" class=\"check\" tabindex=\"6\"  \/> <label for=\"prayerengine_notifyme\" class=\"checkbox\">Envie-me um e-mail quando algu\u00e9m orar<\/label><br \/>\t\t\t\t\t\t\t\t\t\t\t\t\t\t\t\t\t\t\t\t\t\t\t\t\t\t<\/td>\n\t\t\t\t\t\t\t<\/tr>\n\t\t\t\t\t\t<\/table>\n\t\t\t\t\t\t\t\t\t\t\t\t\t\t<table border=\"0\" cellspacing=\"0\" cellpadding=\"0\">\n\t\t<tr>\n\t\t\t<td class=\"label spam\"><label for=\"prayerengine_prayer\">Prote\u00e7\u00e3o contra SPAM:<\/label><\/td>\n\t\t\t<td class=\"spamcell\">\n\t\t\t\t <div class=\"g-recaptcha\" data-sitekey=\"6Le4MycTAAAAADzLHCoic0WLlNPqKPMJwjojvWbK\"><\/div>\n\t\t\t\t<script type=\"text\/javascript\"\n\t\t\t\t\tsrc=\"https:\/\/www.google.com\/recaptcha\/api.js?hl=en\">\n\t\t\t\t<\/script>\n\t\t\t<\/td>\n\t\t<\/tr>\n\t<\/table>\n\t\t\t\t\t\t<div id=\"pe-submit-area\">\n\t\t\t\t\t\t\t<input type=\"hidden\" id=\"enmpe_nonce\" name=\"enmpe_nonce\" value=\"a3e569ef0b\" \/><input type=\"hidden\" name=\"_wp_http_referer\" value=\"\/pt\/wp-json\/wp\/v2\/pages\/5220\" \/>\t\t\t\t\t\t\t<input type=\"submit\" value=\"Enviar pedido\" class=\"pe-submit\" tabindex=\"10\" \/>\n\t\t\t\t\t\t<\/div>\n\t\t\t\t\t<input type=\"hidden\" name=\"trp-form-language\" value=\"pt\"\/><\/form>\n\t\t\t\t<\/div>\n\t\t\t<\/div>\n\t\t\t<div class=\"ie6-spacer\"><\/div>\n\t\t\t<!-- end prayer request submit form -->\t\n\t\t\t\t\t\t\t\t\t<!-- list of prayer requests -->\n\t\t\t<div id=\"pe-prayer-list\">\n\t\t\t\t\t\t\t<div class=\"pe-prayer-odd\" id=\"prayer3\">\n\t\t\t\t\t\t\t\t\t\t\t\t\t\t\t<div class=\"pe-count-area\" id=\"count3\">\n\t\t\t\t\t\t<form action=\"#\" id=\"form3\" method=\"post\" data-trp-original-action=\"#\">\n\t\t\t\t\t\t\t<a href=\"#\" class=\"submitlink\">Eu orei por isso<\/a>\t\t\t\t\t\t\t\t\t\t\t\t\t\t<h4>Orei por 1 vez.<\/h4>\n\t\t\t\t\t\t\t\t\t\t\t\t\t\t<input type=\"hidden\" name=\"id\" value=\"3\" class=\"id\" \/>\n\t\t\t\t\t\t\t<input type=\"hidden\" id=\"enmpe_iprayed3\" name=\"enmpe_iprayed3\" value=\"2a9e22c8e4\" \/><input type=\"hidden\" name=\"_wp_http_referer\" value=\"\/pt\/wp-json\/wp\/v2\/pages\/5220\" \/>\t\t\t\t\t\t<input type=\"hidden\" name=\"trp-form-language\" value=\"pt\"\/><\/form>\n\t\t\t\t\t<\/div>\n\t\t\t\t\t\t\t\t\t\t<h3 class=\"pe-name\"><a href=\"https:\/\/slw.sunlightchurch.com\/pt\/getinvolved\/prayer\/?enmpe=1&#038;enmpe_i=3\">Jake Motisi<\/a><\/h3>\n\t\t\t\t\t<p>Louve a Deus pelo planejamento do casamento e por tudo correr bem com b\u00ean\u00e7\u00e3os ao longo do caminho.<\/p><h4>Recebido: 6 de setembro de 2023<\/h4>\n\t\t\t\t<\/div>\n\t\t\t\t\t\t\t<div class=\"pe-prayer-even\" id=\"prayer2\">\n\t\t\t\t\t\t\t\t\t\t\t\t\t\t\t<div class=\"pe-count-area\" id=\"count2\">\n\t\t\t\t\t\t<form action=\"#\" id=\"form2\" method=\"post\" data-trp-original-action=\"#\">\n\t\t\t\t\t\t\t<a href=\"#\" class=\"submitlink\">Eu orei por isso<\/a>\t\t\t\t\t\t\t\t\t\t\t\t\t\t<h4>Orei 4 vezes.<\/h4>\n\t\t\t\t\t\t\t\t\t\t\t\t\t\t<input type=\"hidden\" name=\"id\" value=\"2\" class=\"id\" \/>\n\t\t\t\t\t\t\t<input type=\"hidden\" id=\"enmpe_iprayed2\" name=\"enmpe_iprayed2\" value=\"b2921fbae6\" \/><input type=\"hidden\" name=\"_wp_http_referer\" value=\"\/pt\/wp-json\/wp\/v2\/pages\/5220\" \/>\t\t\t\t\t\t<input type=\"hidden\" name=\"trp-form-language\" value=\"pt\"\/><\/form>\n\t\t\t\t\t<\/div>\n\t\t\t\t\t\t\t\t\t\t<h3 class=\"pe-name\"><a href=\"https:\/\/slw.sunlightchurch.com\/pt\/getinvolved\/prayer\/?enmpe=1&#038;enmpe_i=2\">Ethan Cohen<\/a><\/h3>\n\t\t\t\t\t<p>Quero agradecer a Deus pela capacidade de acordar todas as manh\u00e3s e poder continuar trabalhando duro, aprender mais e ser um humilde servo dele. Tamb\u00e9m estou super grato por este novo Mural de Ora\u00e7\u00e3o!<\/p><h4>Recebido: 6 de setembro de 2023<\/h4>\n\t\t\t\t<\/div>\n\t\t\t\t\t\t<\/div>\n\t\t\t\t\t\t\t\t\t<h3 class=\"enmpe-poweredby\"><a href=\"http:\/\/www.theprayerengine.com\" target=\"_blank\">Alimentado por Motor de Ora\u00e7\u00e3o<\/a><\/h3>\n\t\t\t\t\t<\/div>\n\t\t\t\t<!-- Version 2.3.2 121521 -->\n<\/div>\n<\/p>\t\t\t\t\t\t<\/div>\n\t\t\t\t<\/div>\n\t\t\t\t\t<\/div>\n\t\t<\/div>\n\t\t\t\t\t<\/div>\n\t\t<\/section>\n\t\t\t\t<section class=\"elementor-section elementor-top-section elementor-element elementor-element-d1e2caf elementor-section-boxed elementor-section-height-default elementor-section-height-default\" data-id=\"d1e2caf\" data-element_type=\"section\">\n\t\t\t\t\t\t<div class=\"elementor-container elementor-column-gap-default\">\n\t\t\t\t\t<div class=\"elementor-column elementor-col-100 elementor-top-column elementor-element elementor-element-46a3e9e\" data-id=\"46a3e9e\" data-element_type=\"column\">\n\t\t\t<div class=\"elementor-widget-wrap elementor-element-populated\">\n\t\t\t\t\t\t<div class=\"elementor-element elementor-element-0c56dbb elementor-widget elementor-widget-spacer\" data-id=\"0c56dbb\" data-element_type=\"widget\" data-widget_type=\"spacer.default\">\n\t\t\t\t<div class=\"elementor-widget-container\">\n\t\t\t\t\t<div class=\"elementor-spacer\">\n\t\t\t<div class=\"elementor-spacer-inner\"><\/div>\n\t\t<\/div>\n\t\t\t\t<\/div>\n\t\t\t\t<\/div>\n\t\t\t\t<div class=\"elementor-element elementor-element-03d06fc elementor-widget elementor-widget-heading\" data-id=\"03d06fc\" data-element_type=\"widget\" data-widget_type=\"heading.default\">\n\t\t\t\t<div class=\"elementor-widget-container\">\n\t\t\t<h2 class=\"elementor-heading-title elementor-size-large\">Visite nosso Portal de Cuidados para todas as suas necessidades de cuidados.<\/h2>\t\t<\/div>\n\t\t\t\t<\/div>\n\t\t\t\t<div class=\"elementor-element elementor-element-fd76dae elementor-align-center elementor-widget elementor-widget-button\" data-id=\"fd76dae\" data-element_type=\"widget\" data-widget_type=\"button.default\">\n\t\t\t\t<div class=\"elementor-widget-container\">\n\t\t\t\t\t\t\t<div class=\"elementor-button-wrapper\">\n\t\t\t\t\t<a class=\"elementor-button elementor-button-link elementor-size-sm\" href=\"https:\/\/www.careportal.org\/church\/sunlight-community-church\/97813\/\">\n\t\t\t\t\t\t<span class=\"elementor-button-content-wrapper\">\n\t\t\t\t\t\t\t\t\t<span class=\"elementor-button-text\">Portal de cuidados<\/span>\n\t\t\t\t\t<\/span>\n\t\t\t\t\t<\/a>\n\t\t\t\t<\/div>\n\t\t\t\t\t\t<\/div>\n\t\t\t\t<\/div>\n\t\t\t\t<div class=\"elementor-element elementor-element-2f419cc elementor-widget elementor-widget-text-editor\" data-id=\"2f419cc\" data-element_type=\"widget\" data-widget_type=\"text-editor.default\">\n\t\t\t\t<div class=\"elementor-widget-container\">\n\t\t\t\t\t\t\t<h3>Atrav\u00e9s do CarePortal, as igrejas locais podem ajudar fam\u00edlias adotivas e as pessoas mais vulner\u00e1veis da nossa comunidade. O CarePortal conecta as ag\u00eancias que trabalham com essas fam\u00edlias \u00e0s igrejas locais para ajudar as fam\u00edlias e evitar que as crian\u00e7as entrem no sistema de assist\u00eancia social. Se voc\u00ea gostaria de ver ou ajudar as necessidades que est\u00e3o em nossa comunidade neste momento, clique no link abaixo.\u00a0<\/h3>\t\t\t\t\t\t<\/div>\n\t\t\t\t<\/div>\n\t\t\t\t\t<\/div>\n\t\t<\/div>\n\t\t\t\t\t<\/div>\n\t\t<\/section>\n\t\t\t\t<section class=\"elementor-section elementor-top-section elementor-element elementor-element-1569450 elementor-hidden-desktop elementor-hidden-tablet elementor-hidden-mobile elementor-section-boxed elementor-section-height-default elementor-section-height-default\" data-id=\"1569450\" data-element_type=\"section\" data-settings=\"{&quot;background_background&quot;:&quot;classic&quot;,&quot;motion_fx_motion_fx_scrolling&quot;:&quot;yes&quot;,&quot;motion_fx_translateY_effect&quot;:&quot;yes&quot;,&quot;motion_fx_translateY_direction&quot;:&quot;negative&quot;,&quot;motion_fx_translateY_affectedRange&quot;:{&quot;unit&quot;:&quot;%&quot;,&quot;size&quot;:&quot;&quot;,&quot;sizes&quot;:{&quot;start&quot;:0,&quot;end&quot;:50}},&quot;motion_fx_translateY_speed&quot;:{&quot;unit&quot;:&quot;px&quot;,&quot;size&quot;:4,&quot;sizes&quot;:[]},&quot;motion_fx_devices&quot;:[&quot;desktop&quot;,&quot;laptop&quot;,&quot;tablet&quot;,&quot;mobile&quot;]}\">\n\t\t\t\t\t\t<div class=\"elementor-container elementor-column-gap-default\">\n\t\t\t\t\t<div class=\"elementor-column elementor-col-100 elementor-top-column elementor-element elementor-element-1419a78\" data-id=\"1419a78\" data-element_type=\"column\">\n\t\t\t<div class=\"elementor-widget-wrap elementor-element-populated\">\n\t\t\t\t\t\t<div class=\"elementor-element elementor-element-45bb86b elementor-widget__width-initial elementor-widget elementor-widget-heading\" data-id=\"45bb86b\" data-element_type=\"widget\" data-widget_type=\"heading.default\">\n\t\t\t\t<div class=\"elementor-widget-container\">\n\t\t\t<h2 class=\"elementor-heading-title elementor-size-large\">Permane\u00e7a conectado!<\/h2>\t\t<\/div>\n\t\t\t\t<\/div>\n\t\t\t\t<div class=\"elementor-element elementor-element-dafbb2c elementor-widget elementor-widget-text-editor\" data-id=\"dafbb2c\" data-element_type=\"widget\" data-widget_type=\"text-editor.default\">\n\t\t\t\t<div class=\"elementor-widget-container\">\n\t\t\t\t\t\t\tBaixe nosso aplicativo Sunlight e acompanhe <br>com an\u00fancios, serm\u00f5es e muito mais!\t\t\t\t\t\t<\/div>\n\t\t\t\t<\/div>\n\t\t\t\t<div class=\"elementor-element elementor-element-922d4bd elementor-align-right elementor-widget elementor-widget-button\" data-id=\"922d4bd\" data-element_type=\"widget\" data-widget_type=\"button.default\">\n\t\t\t\t<div class=\"elementor-widget-container\">\n\t\t\t\t\t\t\t<div class=\"elementor-button-wrapper\">\n\t\t\t\t\t<a class=\"elementor-button elementor-button-link elementor-size-sm\" href=\"#\">\n\t\t\t\t\t\t<span class=\"elementor-button-content-wrapper\">\n\t\t\t\t\t\t\t\t\t<span class=\"elementor-button-text\">Obtenha o aplicativo agora<\/span>\n\t\t\t\t\t<\/span>\n\t\t\t\t\t<\/a>\n\t\t\t\t<\/div>\n\t\t\t\t\t\t<\/div>\n\t\t\t\t<\/div>\n\t\t\t\t\t<\/div>\n\t\t<\/div>\n\t\t\t\t\t<\/div>\n\t\t<\/section>\n\t\t\t\t<\/div>","protected":false},"excerpt":{"rendered":"<p>Prayer Wall The Sunlight Community Church Prayer Wall is a sacred space where you can share your prayer requests, lifting your joys, concerns, and hopes to a loving community. Together, [&hellip;]<\/p>","protected":false},"author":2,"featured_media":258,"parent":979,"menu_order":0,"comment_status":"closed","ping_status":"closed","template":"","meta":{"footnotes":""},"class_list":["post-5220","page","type-page","status-publish","has-post-thumbnail","hentry"],"_links":{"self":[{"href":"https:\/\/slw.sunlightchurch.com\/pt\/wp-json\/wp\/v2\/pages\/5220","targetHints":{"allow":["GET"]}}],"collection":[{"href":"https:\/\/slw.sunlightchurch.com\/pt\/wp-json\/wp\/v2\/pages"}],"about":[{"href":"https:\/\/slw.sunlightchurch.com\/pt\/wp-json\/wp\/v2\/types\/page"}],"author":[{"embeddable":true,"href":"https:\/\/slw.sunlightchurch.com\/pt\/wp-json\/wp\/v2\/users\/2"}],"replies":[{"embeddable":true,"href":"https:\/\/slw.sunlightchurch.com\/pt\/wp-json\/wp\/v2\/comments?post=5220"}],"version-history":[{"count":8,"href":"https:\/\/slw.sunlightchurch.com\/pt\/wp-json\/wp\/v2\/pages\/5220\/revisions"}],"predecessor-version":[{"id":9020,"href":"https:\/\/slw.sunlightchurch.com\/pt\/wp-json\/wp\/v2\/pages\/5220\/revisions\/9020"}],"up":[{"embeddable":true,"href":"https:\/\/slw.sunlightchurch.com\/pt\/wp-json\/wp\/v2\/pages\/979"}],"wp:featuredmedia":[{"embeddable":true,"href":"https:\/\/slw.sunlightchurch.com\/pt\/wp-json\/wp\/v2\/media\/258"}],"wp:attachment":[{"href":"https:\/\/slw.sunlightchurch.com\/pt\/wp-json\/wp\/v2\/media?parent=5220"}],"curies":[{"name":"wp","href":"https:\/\/api.w.org\/{rel}","templated":true}]}}