{"id":5146,"date":"2022-08-04T12:48:32","date_gmt":"2022-08-04T16:48:32","guid":{"rendered":"https:\/\/jpa.mbc.mybluehost.me\/.website_9c6ec746\/?page_id=5146"},"modified":"2023-11-21T10:15:05","modified_gmt":"2023-11-21T15:15:05","slug":"care-ministry","status":"publish","type":"page","link":"https:\/\/slw.sunlightchurch.com\/pt\/getinvolved\/care-ministry\/","title":{"rendered":"Minist\u00e9rio de Cuidados"},"content":{"rendered":"<div data-elementor-type=\"wp-page\" data-elementor-id=\"5146\" class=\"elementor elementor-5146\" data-elementor-post-type=\"page\">\n\t\t\t\t\t\t<section class=\"elementor-section elementor-top-section elementor-element elementor-element-14d1c48 elementor-section-boxed elementor-section-height-default elementor-section-height-default\" data-id=\"14d1c48\" data-element_type=\"section\">\n\t\t\t\t\t\t<div class=\"elementor-container elementor-column-gap-default\">\n\t\t\t\t\t<div class=\"elementor-column elementor-col-100 elementor-top-column elementor-element elementor-element-0c8f28d\" data-id=\"0c8f28d\" data-element_type=\"column\">\n\t\t\t<div class=\"elementor-widget-wrap elementor-element-populated\">\n\t\t\t\t\t\t<div class=\"elementor-element elementor-element-abbd462 elementor-widget elementor-widget-image\" data-id=\"abbd462\" data-element_type=\"widget\" data-widget_type=\"image.default\">\n\t\t\t\t<div class=\"elementor-widget-container\">\n\t\t\t\t\t\t\t\t\t\t\t\t\t<img fetchpriority=\"high\" decoding=\"async\" width=\"768\" height=\"432\" src=\"https:\/\/slw.sunlightchurch.com\/wp-content\/uploads\/2022\/08\/sunlightcarescloudshadow-768x432.png\" class=\"attachment-medium_large size-medium_large wp-image-5159\" alt=\"\" srcset=\"https:\/\/slw.sunlightchurch.com\/wp-content\/uploads\/2022\/08\/sunlightcarescloudshadow-768x432.png 768w, https:\/\/slw.sunlightchurch.com\/wp-content\/uploads\/2022\/08\/sunlightcarescloudshadow-300x169.png 300w, https:\/\/slw.sunlightchurch.com\/wp-content\/uploads\/2022\/08\/sunlightcarescloudshadow-1024x576.png 1024w, https:\/\/slw.sunlightchurch.com\/wp-content\/uploads\/2022\/08\/sunlightcarescloudshadow.png 1200w\" sizes=\"(max-width: 768px) 100vw, 768px\" \/>\t\t\t\t\t\t\t\t\t\t\t\t\t<\/div>\n\t\t\t\t<\/div>\n\t\t\t\t<div class=\"elementor-element elementor-element-be860a7 elementor-widget elementor-widget-heading\" data-id=\"be860a7\" data-element_type=\"widget\" data-widget_type=\"heading.default\">\n\t\t\t\t<div class=\"elementor-widget-container\">\n\t\t\t<h2 class=\"elementor-heading-title elementor-size-large\">\u201cLevem os fardos uns dos outros e assim cumprir\u00e3o a lei de Cristo\u201d G\u00e1latas 6:2<\/h2>\t\t<\/div>\n\t\t\t\t<\/div>\n\t\t\t\t\t<\/div>\n\t\t<\/div>\n\t\t\t\t\t<\/div>\n\t\t<\/section>\n\t\t\t\t<section class=\"elementor-section elementor-top-section elementor-element elementor-element-1fdcf84 elementor-section-boxed elementor-section-height-default elementor-section-height-default\" data-id=\"1fdcf84\" data-element_type=\"section\">\n\t\t\t\t\t\t<div class=\"elementor-container elementor-column-gap-default\">\n\t\t\t\t\t<div class=\"elementor-column elementor-col-100 elementor-top-column elementor-element elementor-element-92da18f\" data-id=\"92da18f\" data-element_type=\"column\">\n\t\t\t<div class=\"elementor-widget-wrap elementor-element-populated\">\n\t\t\t\t\t\t<div class=\"elementor-element elementor-element-f6ef2f2 elementor-widget elementor-widget-text-editor\" data-id=\"f6ef2f2\" data-element_type=\"widget\" data-widget_type=\"text-editor.default\">\n\t\t\t\t<div class=\"elementor-widget-container\">\n\t\t\t\t\t\t\t<h3><span style=\"font-weight: 400;\">Na Sunlight acreditamos em viver uma vida de Jesus! Jesus nos diz para amar os outros como ele nos amou. Ele diz que nosso amor uns pelos outros ser\u00e1 uma demonstra\u00e7\u00e3o do fato de que somos Seus disc\u00edpulos (Jo\u00e3o 13:34-35). Se voc\u00ea est\u00e1 precisando de ora\u00e7\u00e3o, aux\u00edlio alimentar, visita\u00e7\u00e3o ou passando por outras dificuldades na vida, queremos que saiba que n\u00e3o est\u00e1 sozinho. Aqui est\u00e3o algumas das maneiras pelas quais na Sunlight esperamos compartilhar o amor de Cristo com voc\u00ea. <\/span><\/h3>\t\t\t\t\t\t<\/div>\n\t\t\t\t<\/div>\n\t\t\t\t\t<\/div>\n\t\t<\/div>\n\t\t\t\t\t<\/div>\n\t\t<\/section>\n\t\t\t\t<section class=\"elementor-section elementor-top-section elementor-element elementor-element-c6ad889 elementor-section-boxed elementor-section-height-default elementor-section-height-default\" data-id=\"c6ad889\" data-element_type=\"section\">\n\t\t\t\t\t\t<div class=\"elementor-container elementor-column-gap-default\">\n\t\t\t\t\t<div class=\"elementor-column elementor-col-33 elementor-top-column elementor-element elementor-element-cf79457\" data-id=\"cf79457\" data-element_type=\"column\">\n\t\t\t<div class=\"elementor-widget-wrap elementor-element-populated\">\n\t\t\t\t\t\t<div class=\"elementor-element elementor-element-63c6898 elementor-widget elementor-widget-image\" data-id=\"63c6898\" data-element_type=\"widget\" data-widget_type=\"image.default\">\n\t\t\t\t<div class=\"elementor-widget-container\">\n\t\t\t\t\t\t\t\t\t\t\t\t\t<img decoding=\"async\" width=\"800\" height=\"450\" src=\"https:\/\/slw.sunlightchurch.com\/wp-content\/uploads\/2022\/08\/Untitled-2-1024x576.jpg\" class=\"attachment-large size-large wp-image-5155\" alt=\"\" srcset=\"https:\/\/slw.sunlightchurch.com\/wp-content\/uploads\/2022\/08\/Untitled-2-1024x576.jpg 1024w, https:\/\/slw.sunlightchurch.com\/wp-content\/uploads\/2022\/08\/Untitled-2-300x169.jpg 300w, https:\/\/slw.sunlightchurch.com\/wp-content\/uploads\/2022\/08\/Untitled-2-768x432.jpg 768w, https:\/\/slw.sunlightchurch.com\/wp-content\/uploads\/2022\/08\/Untitled-2-1536x864.jpg 1536w, https:\/\/slw.sunlightchurch.com\/wp-content\/uploads\/2022\/08\/Untitled-2.jpg 1920w\" sizes=\"(max-width: 800px) 100vw, 800px\" \/>\t\t\t\t\t\t\t\t\t\t\t\t\t<\/div>\n\t\t\t\t<\/div>\n\t\t\t\t\t<\/div>\n\t\t<\/div>\n\t\t\t\t<div class=\"elementor-column elementor-col-33 elementor-top-column elementor-element elementor-element-4d17686\" data-id=\"4d17686\" data-element_type=\"column\">\n\t\t\t<div class=\"elementor-widget-wrap elementor-element-populated\">\n\t\t\t\t\t\t<div class=\"elementor-element elementor-element-2b8d714 elementor-widget elementor-widget-image\" data-id=\"2b8d714\" data-element_type=\"widget\" data-widget_type=\"image.default\">\n\t\t\t\t<div class=\"elementor-widget-container\">\n\t\t\t\t\t\t\t\t\t\t\t\t\t<img decoding=\"async\" width=\"800\" height=\"450\" src=\"https:\/\/slw.sunlightchurch.com\/wp-content\/uploads\/2022\/08\/Untitled2-1024x576.jpg\" class=\"attachment-large size-large wp-image-5157\" alt=\"\" srcset=\"https:\/\/slw.sunlightchurch.com\/wp-content\/uploads\/2022\/08\/Untitled2-1024x576.jpg 1024w, https:\/\/slw.sunlightchurch.com\/wp-content\/uploads\/2022\/08\/Untitled2-300x169.jpg 300w, https:\/\/slw.sunlightchurch.com\/wp-content\/uploads\/2022\/08\/Untitled2-768x432.jpg 768w, https:\/\/slw.sunlightchurch.com\/wp-content\/uploads\/2022\/08\/Untitled2-1536x864.jpg 1536w, https:\/\/slw.sunlightchurch.com\/wp-content\/uploads\/2022\/08\/Untitled2.jpg 1920w\" sizes=\"(max-width: 800px) 100vw, 800px\" \/>\t\t\t\t\t\t\t\t\t\t\t\t\t<\/div>\n\t\t\t\t<\/div>\n\t\t\t\t\t<\/div>\n\t\t<\/div>\n\t\t\t\t<div class=\"elementor-column elementor-col-33 elementor-top-column elementor-element elementor-element-7b4a29f\" data-id=\"7b4a29f\" data-element_type=\"column\">\n\t\t\t<div class=\"elementor-widget-wrap elementor-element-populated\">\n\t\t\t\t\t\t<div class=\"elementor-element elementor-element-231edf2 elementor-widget elementor-widget-image\" data-id=\"231edf2\" data-element_type=\"widget\" data-widget_type=\"image.default\">\n\t\t\t\t<div class=\"elementor-widget-container\">\n\t\t\t\t\t\t\t\t\t\t\t\t\t<img loading=\"lazy\" decoding=\"async\" width=\"800\" height=\"450\" src=\"https:\/\/slw.sunlightchurch.com\/wp-content\/uploads\/2022\/08\/Untitled-1024x576.jpg\" class=\"attachment-large size-large wp-image-5156\" alt=\"\" srcset=\"https:\/\/slw.sunlightchurch.com\/wp-content\/uploads\/2022\/08\/Untitled-1024x576.jpg 1024w, https:\/\/slw.sunlightchurch.com\/wp-content\/uploads\/2022\/08\/Untitled-300x169.jpg 300w, https:\/\/slw.sunlightchurch.com\/wp-content\/uploads\/2022\/08\/Untitled-768x432.jpg 768w, https:\/\/slw.sunlightchurch.com\/wp-content\/uploads\/2022\/08\/Untitled-1536x864.jpg 1536w, https:\/\/slw.sunlightchurch.com\/wp-content\/uploads\/2022\/08\/Untitled.jpg 1920w\" sizes=\"(max-width: 800px) 100vw, 800px\" \/>\t\t\t\t\t\t\t\t\t\t\t\t\t<\/div>\n\t\t\t\t<\/div>\n\t\t\t\t\t<\/div>\n\t\t<\/div>\n\t\t\t\t\t<\/div>\n\t\t<\/section>\n\t\t\t\t<section class=\"elementor-section elementor-top-section elementor-element elementor-element-5c0452e elementor-section-boxed elementor-section-height-default elementor-section-height-default\" data-id=\"5c0452e\" data-element_type=\"section\">\n\t\t\t\t\t\t<div class=\"elementor-container elementor-column-gap-default\">\n\t\t\t\t\t<div class=\"elementor-column elementor-col-100 elementor-top-column elementor-element elementor-element-0be4b26\" data-id=\"0be4b26\" data-element_type=\"column\">\n\t\t\t<div class=\"elementor-widget-wrap elementor-element-populated\">\n\t\t\t\t\t\t<div class=\"elementor-element elementor-element-8c7ddb7 elementor-widget elementor-widget-heading\" data-id=\"8c7ddb7\" data-element_type=\"widget\" data-widget_type=\"heading.default\">\n\t\t\t\t<div class=\"elementor-widget-container\">\n\t\t\t<h1 class=\"elementor-heading-title elementor-size-xl\">Como nosso minist\u00e9rio de cuidado est\u00e1 trabalhando por meio de Deus<\/h1>\t\t<\/div>\n\t\t\t\t<\/div>\n\t\t\t\t\t<\/div>\n\t\t<\/div>\n\t\t\t\t\t<\/div>\n\t\t<\/section>\n\t\t\t\t<section class=\"elementor-section elementor-top-section elementor-element elementor-element-eab4c04 elementor-section-boxed elementor-section-height-default elementor-section-height-default\" data-id=\"eab4c04\" data-element_type=\"section\">\n\t\t\t\t\t\t<div class=\"elementor-container elementor-column-gap-default\">\n\t\t\t\t\t<div class=\"elementor-column elementor-col-50 elementor-top-column elementor-element elementor-element-4d434a5\" data-id=\"4d434a5\" data-element_type=\"column\">\n\t\t\t<div class=\"elementor-widget-wrap elementor-element-populated\">\n\t\t\t\t\t\t<div class=\"elementor-element elementor-element-3c7e120 elementor-widget elementor-widget-heading\" data-id=\"3c7e120\" data-element_type=\"widget\" data-widget_type=\"heading.default\">\n\t\t\t\t<div class=\"elementor-widget-container\">\n\t\t\t<h2 class=\"elementor-heading-title elementor-size-default\">Ora\u00e7\u00e3o<\/h2>\t\t<\/div>\n\t\t\t\t<\/div>\n\t\t\t\t<div class=\"elementor-element elementor-element-1716bd6 elementor-widget elementor-widget-image\" data-id=\"1716bd6\" data-element_type=\"widget\" data-widget_type=\"image.default\">\n\t\t\t\t<div class=\"elementor-widget-container\">\n\t\t\t\t\t\t\t\t\t\t\t\t\t<img loading=\"lazy\" decoding=\"async\" width=\"1300\" height=\"800\" src=\"https:\/\/slw.sunlightchurch.com\/wp-content\/uploads\/2022\/08\/prayercircle.png\" class=\"attachment-1536x1536 size-1536x1536 wp-image-5152\" alt=\"\" srcset=\"https:\/\/slw.sunlightchurch.com\/wp-content\/uploads\/2022\/08\/prayercircle.png 1300w, https:\/\/slw.sunlightchurch.com\/wp-content\/uploads\/2022\/08\/prayercircle-300x185.png 300w, https:\/\/slw.sunlightchurch.com\/wp-content\/uploads\/2022\/08\/prayercircle-1024x630.png 1024w, https:\/\/slw.sunlightchurch.com\/wp-content\/uploads\/2022\/08\/prayercircle-768x473.png 768w\" sizes=\"(max-width: 1300px) 100vw, 1300px\" \/>\t\t\t\t\t\t\t\t\t\t\t\t\t<\/div>\n\t\t\t\t<\/div>\n\t\t\t\t<div class=\"elementor-element elementor-element-61203ae elementor-widget elementor-widget-text-editor\" data-id=\"61203ae\" data-element_type=\"widget\" data-widget_type=\"text-editor.default\">\n\t\t\t\t<div class=\"elementor-widget-container\">\n\t\t\t\t\t\t\t<p><span style=\"font-weight: 400;\">As equipes e grupos de ora\u00e7\u00e3o da Sunlight s\u00e3o apaixonados por levar seus pedidos de ora\u00e7\u00e3o a Deus. Todos n\u00f3s precisamos de ora\u00e7\u00e3o e quando o povo de Deus se re\u00fane para orar, coisas incr\u00edveis acontecem! Se voc\u00ea gostaria que nossas equipes de ora\u00e7\u00e3o orassem por voc\u00ea, preencha o formul\u00e1rio de solicita\u00e7\u00e3o abaixo. <\/span><\/p>\t\t\t\t\t\t<\/div>\n\t\t\t\t<\/div>\n\t\t\t\t<div class=\"elementor-element elementor-element-9c0dbb5 elementor-align-center elementor-widget elementor-widget-button\" data-id=\"9c0dbb5\" data-element_type=\"widget\" data-widget_type=\"button.default\">\n\t\t\t\t<div class=\"elementor-widget-container\">\n\t\t\t\t\t\t\t<div class=\"elementor-button-wrapper\">\n\t\t\t\t\t<a class=\"elementor-button elementor-button-link elementor-size-md elementor-animation-grow\" href=\"https:\/\/sunlightcc.churchcenter.com\/people\/forms\/49982\">\n\t\t\t\t\t\t<span class=\"elementor-button-content-wrapper\">\n\t\t\t\t\t\t\t\t\t<span class=\"elementor-button-text\">Solicitar Ora\u00e7\u00e3o<\/span>\n\t\t\t\t\t<\/span>\n\t\t\t\t\t<\/a>\n\t\t\t\t<\/div>\n\t\t\t\t\t\t<\/div>\n\t\t\t\t<\/div>\n\t\t\t\t\t<\/div>\n\t\t<\/div>\n\t\t\t\t<div class=\"elementor-column elementor-col-50 elementor-top-column elementor-element elementor-element-0be31b9\" data-id=\"0be31b9\" data-element_type=\"column\">\n\t\t\t<div class=\"elementor-widget-wrap elementor-element-populated\">\n\t\t\t\t\t\t<div class=\"elementor-element elementor-element-1a73cb0 elementor-widget elementor-widget-heading\" data-id=\"1a73cb0\" data-element_type=\"widget\" data-widget_type=\"heading.default\">\n\t\t\t\t<div class=\"elementor-widget-container\">\n\t\t\t<h2 class=\"elementor-heading-title elementor-size-default\">Ministros do cuidado da luz solar<\/h2>\t\t<\/div>\n\t\t\t\t<\/div>\n\t\t\t\t<div class=\"elementor-element elementor-element-ec5a9a0 elementor-widget elementor-widget-image\" data-id=\"ec5a9a0\" data-element_type=\"widget\" data-widget_type=\"image.default\">\n\t\t\t\t<div class=\"elementor-widget-container\">\n\t\t\t\t\t\t\t\t\t\t\t\t\t<img loading=\"lazy\" decoding=\"async\" width=\"800\" height=\"492\" src=\"https:\/\/slw.sunlightchurch.com\/wp-content\/uploads\/2022\/08\/dannyordination-1024x630.png\" class=\"attachment-large size-large wp-image-5154\" alt=\"\" srcset=\"https:\/\/slw.sunlightchurch.com\/wp-content\/uploads\/2022\/08\/dannyordination-1024x630.png 1024w, https:\/\/slw.sunlightchurch.com\/wp-content\/uploads\/2022\/08\/dannyordination-300x185.png 300w, https:\/\/slw.sunlightchurch.com\/wp-content\/uploads\/2022\/08\/dannyordination-768x473.png 768w, https:\/\/slw.sunlightchurch.com\/wp-content\/uploads\/2022\/08\/dannyordination.png 1300w\" sizes=\"(max-width: 800px) 100vw, 800px\" \/>\t\t\t\t\t\t\t\t\t\t\t\t\t<\/div>\n\t\t\t\t<\/div>\n\t\t\t\t<div class=\"elementor-element elementor-element-7985c89 elementor-widget elementor-widget-text-editor\" data-id=\"7985c89\" data-element_type=\"widget\" data-widget_type=\"text-editor.default\">\n\t\t\t\t<div class=\"elementor-widget-container\">\n\t\t\t\t\t\t\t<p><span style=\"font-weight: 400;\">Utilizando o treinamento dos Minist\u00e9rios Stephen, a Sunlight capacita os leigos para fornecer atendimento crist\u00e3o individual \u00e0s pessoas em nossa igreja e comunidade que est\u00e3o passando por dificuldades em suas vidas. Os Ministros do Cuidado \u00e0 Luz Solar tamb\u00e9m oferecem visitas para aqueles que est\u00e3o em hospitais, centros de cuidados e aqueles que est\u00e3o confinados em casa.<\/span><\/p><p><span style=\"font-weight: 400;\">O Minist\u00e9rio Sunlight Care \u00e9 um minist\u00e9rio confidencial. Se voc\u00ea est\u00e1 passando por um momento dif\u00edcil e pode se beneficiar de reuni\u00f5es semanais com o Ministro dos Cuidados, queremos assegurar-lhe a identidade das pessoas que recebem cuidados e tudo o que eles discutirem com um Ministro dos Cuidados da Luz Solar permanecer\u00e1 privado. Se voc\u00ea gostaria de falar com um Ministro do Cuidado da Luz Solar, solicitar visita ou se estiver interessado em se tornar um Ministro do Cuidado da Luz Solar, envie um e-mail para: <\/span><a href=\"mailto:jeff@sunlightcc.org\"><span style=\"font-weight: 400;\">jeff@sunlightcc.org<\/span><\/a><\/p>\t\t\t\t\t\t<\/div>\n\t\t\t\t<\/div>\n\t\t\t\t<div class=\"elementor-element elementor-element-e98f8b9 elementor-align-center elementor-widget elementor-widget-button\" data-id=\"e98f8b9\" data-element_type=\"widget\" data-widget_type=\"button.default\">\n\t\t\t\t<div class=\"elementor-widget-container\">\n\t\t\t\t\t\t\t<div class=\"elementor-button-wrapper\">\n\t\t\t\t\t<a class=\"elementor-button elementor-button-link elementor-size-md elementor-animation-grow\" href=\"https:\/\/sunlightcc.churchcenter.com\/people\/forms\/354885\">\n\t\t\t\t\t\t<span class=\"elementor-button-content-wrapper\">\n\t\t\t\t\t\t\t\t\t<span class=\"elementor-button-text\">Solicite uma visita<\/span>\n\t\t\t\t\t<\/span>\n\t\t\t\t\t<\/a>\n\t\t\t\t<\/div>\n\t\t\t\t\t\t<\/div>\n\t\t\t\t<\/div>\n\t\t\t\t\t<\/div>\n\t\t<\/div>\n\t\t\t\t\t<\/div>\n\t\t<\/section>\n\t\t\t\t<section class=\"elementor-section elementor-top-section elementor-element elementor-element-b7003de elementor-section-boxed elementor-section-height-default elementor-section-height-default\" data-id=\"b7003de\" data-element_type=\"section\">\n\t\t\t\t\t\t<div class=\"elementor-container elementor-column-gap-default\">\n\t\t\t\t\t<div class=\"elementor-column elementor-col-50 elementor-top-column elementor-element elementor-element-7161094\" data-id=\"7161094\" data-element_type=\"column\">\n\t\t\t<div class=\"elementor-widget-wrap elementor-element-populated\">\n\t\t\t\t\t\t<div class=\"elementor-element elementor-element-320f553 elementor-widget elementor-widget-heading\" data-id=\"320f553\" data-element_type=\"widget\" data-widget_type=\"heading.default\">\n\t\t\t\t<div class=\"elementor-widget-container\">\n\t\t\t<h2 class=\"elementor-heading-title elementor-size-default\">Despensa de Alimentos<\/h2>\t\t<\/div>\n\t\t\t\t<\/div>\n\t\t\t\t<div class=\"elementor-element elementor-element-b81987e elementor-widget elementor-widget-image\" data-id=\"b81987e\" data-element_type=\"widget\" data-widget_type=\"image.default\">\n\t\t\t\t<div class=\"elementor-widget-container\">\n\t\t\t\t\t\t\t\t\t\t\t\t\t<img loading=\"lazy\" decoding=\"async\" width=\"1300\" height=\"800\" src=\"https:\/\/slw.sunlightchurch.com\/wp-content\/uploads\/2022\/08\/gp-1.jpg\" class=\"attachment-2048x2048 size-2048x2048 wp-image-5151\" alt=\"\" srcset=\"https:\/\/slw.sunlightchurch.com\/wp-content\/uploads\/2022\/08\/gp-1.jpg 1300w, https:\/\/slw.sunlightchurch.com\/wp-content\/uploads\/2022\/08\/gp-1-300x185.jpg 300w, https:\/\/slw.sunlightchurch.com\/wp-content\/uploads\/2022\/08\/gp-1-1024x630.jpg 1024w, https:\/\/slw.sunlightchurch.com\/wp-content\/uploads\/2022\/08\/gp-1-768x473.jpg 768w\" sizes=\"(max-width: 1300px) 100vw, 1300px\" \/>\t\t\t\t\t\t\t\t\t\t\t\t\t<\/div>\n\t\t\t\t<\/div>\n\t\t\t\t<div class=\"elementor-element elementor-element-97d2660 elementor-widget elementor-widget-text-editor\" data-id=\"97d2660\" data-element_type=\"widget\" data-widget_type=\"text-editor.default\">\n\t\t\t\t<div class=\"elementor-widget-container\">\n\t\t\t\t\t\t\t<p><span style=\"font-weight: 400;\">Se voc\u00ea ou algu\u00e9m que voc\u00ea conhece n\u00e3o tem certeza de onde vir\u00e1 a pr\u00f3xima refei\u00e7\u00e3o, queremos ajudar. O link abaixo \u00e9 um formul\u00e1rio de solicita\u00e7\u00e3o de atendimento, fique \u00e0 vontade para preench\u00ea-lo e marcar a caixa referente \u00e0 inseguran\u00e7a alimentar. Na caixa de coment\u00e1rios informe-nos quantos adultos e crian\u00e7as fazem parte da fam\u00edlia necessitada. \u00c0s vezes, pedir ajuda pode ser dif\u00edcil, mas encorajamos voc\u00ea a entrar em contato se precisar de ajuda. <\/span><\/p>\t\t\t\t\t\t<\/div>\n\t\t\t\t<\/div>\n\t\t\t\t<div class=\"elementor-element elementor-element-7e59da8 elementor-align-center elementor-widget elementor-widget-button\" data-id=\"7e59da8\" data-element_type=\"widget\" data-widget_type=\"button.default\">\n\t\t\t\t<div class=\"elementor-widget-container\">\n\t\t\t\t\t\t\t<div class=\"elementor-button-wrapper\">\n\t\t\t\t\t<a class=\"elementor-button elementor-button-link elementor-size-md elementor-animation-grow\" href=\"https:\/\/sunlightcc.churchcenter.com\/people\/forms\/354885\">\n\t\t\t\t\t\t<span class=\"elementor-button-content-wrapper\">\n\t\t\t\t\t\t\t\t\t<span class=\"elementor-button-text\">Solicitar assist\u00eancia<\/span>\n\t\t\t\t\t<\/span>\n\t\t\t\t\t<\/a>\n\t\t\t\t<\/div>\n\t\t\t\t\t\t<\/div>\n\t\t\t\t<\/div>\n\t\t\t\t\t<\/div>\n\t\t<\/div>\n\t\t\t\t<div class=\"elementor-column elementor-col-50 elementor-top-column elementor-element elementor-element-48d2a2b\" data-id=\"48d2a2b\" data-element_type=\"column\">\n\t\t\t<div class=\"elementor-widget-wrap elementor-element-populated\">\n\t\t\t\t\t\t<div class=\"elementor-element elementor-element-83954f3 elementor-widget elementor-widget-heading\" data-id=\"83954f3\" data-element_type=\"widget\" data-widget_type=\"heading.default\">\n\t\t\t\t<div class=\"elementor-widget-container\">\n\t\t\t<h2 class=\"elementor-heading-title elementor-size-default\">Portal de cuidados<\/h2>\t\t<\/div>\n\t\t\t\t<\/div>\n\t\t\t\t<div class=\"elementor-element elementor-element-a50c912 elementor-widget elementor-widget-image\" data-id=\"a50c912\" data-element_type=\"widget\" data-widget_type=\"image.default\">\n\t\t\t\t<div class=\"elementor-widget-container\">\n\t\t\t\t\t\t\t\t\t\t\t\t\t<img loading=\"lazy\" decoding=\"async\" width=\"800\" height=\"492\" src=\"https:\/\/slw.sunlightchurch.com\/wp-content\/uploads\/2022\/08\/worshiphands-1024x630.png\" class=\"attachment-large size-large wp-image-5153\" alt=\"\" srcset=\"https:\/\/slw.sunlightchurch.com\/wp-content\/uploads\/2022\/08\/worshiphands-1024x630.png 1024w, https:\/\/slw.sunlightchurch.com\/wp-content\/uploads\/2022\/08\/worshiphands-300x185.png 300w, https:\/\/slw.sunlightchurch.com\/wp-content\/uploads\/2022\/08\/worshiphands-768x473.png 768w, https:\/\/slw.sunlightchurch.com\/wp-content\/uploads\/2022\/08\/worshiphands.png 1300w\" sizes=\"(max-width: 800px) 100vw, 800px\" \/>\t\t\t\t\t\t\t\t\t\t\t\t\t<\/div>\n\t\t\t\t<\/div>\n\t\t\t\t<div class=\"elementor-element elementor-element-957ea06 elementor-widget elementor-widget-text-editor\" data-id=\"957ea06\" data-element_type=\"widget\" data-widget_type=\"text-editor.default\">\n\t\t\t\t<div class=\"elementor-widget-container\">\n\t\t\t\t\t\t\t<p><span style=\"font-weight: 400;\">Atrav\u00e9s do CarePortal, as igrejas locais podem ajudar fam\u00edlias adotivas e as pessoas mais vulner\u00e1veis da nossa comunidade. O CarePortal conecta as ag\u00eancias que trabalham com essas fam\u00edlias \u00e0s igrejas locais para ajudar as fam\u00edlias e evitar que as crian\u00e7as entrem no sistema de assist\u00eancia social. Se voc\u00ea gostaria de ver ou ajudar as necessidades que est\u00e3o em nossa comunidade agora, clique no link abaixo.\u00a0<\/span><\/p>\t\t\t\t\t\t<\/div>\n\t\t\t\t<\/div>\n\t\t\t\t<div class=\"elementor-element elementor-element-be3bc7a elementor-align-center elementor-widget elementor-widget-button\" data-id=\"be3bc7a\" data-element_type=\"widget\" data-widget_type=\"button.default\">\n\t\t\t\t<div class=\"elementor-widget-container\">\n\t\t\t\t\t\t\t<div class=\"elementor-button-wrapper\">\n\t\t\t\t\t<a class=\"elementor-button elementor-button-link elementor-size-md elementor-animation-grow\" href=\"https:\/\/www.careportal.org\/church\/sunlight-community-church\/97813\">\n\t\t\t\t\t\t<span class=\"elementor-button-content-wrapper\">\n\t\t\t\t\t\t\t\t\t<span class=\"elementor-button-text\">Conecte-se<\/span>\n\t\t\t\t\t<\/span>\n\t\t\t\t\t<\/a>\n\t\t\t\t<\/div>\n\t\t\t\t\t\t<\/div>\n\t\t\t\t<\/div>\n\t\t\t\t\t<\/div>\n\t\t<\/div>\n\t\t\t\t\t<\/div>\n\t\t<\/section>\n\t\t\t\t<\/div>","protected":false},"excerpt":{"rendered":"<p>\u201cCarry each others burdens, and in this way you will fulfill the law of Christ\u201d Galatians 6:2 At Sunlight we believe in living a Jesus life! Jesus tells us to [&hellip;]<\/p>","protected":false},"author":18,"featured_media":0,"parent":979,"menu_order":0,"comment_status":"closed","ping_status":"closed","template":"","meta":{"footnotes":""},"class_list":["post-5146","page","type-page","status-publish","hentry"],"_links":{"self":[{"href":"https:\/\/slw.sunlightchurch.com\/pt\/wp-json\/wp\/v2\/pages\/5146","targetHints":{"allow":["GET"]}}],"collection":[{"href":"https:\/\/slw.sunlightchurch.com\/pt\/wp-json\/wp\/v2\/pages"}],"about":[{"href":"https:\/\/slw.sunlightchurch.com\/pt\/wp-json\/wp\/v2\/types\/page"}],"author":[{"embeddable":true,"href":"https:\/\/slw.sunlightchurch.com\/pt\/wp-json\/wp\/v2\/users\/18"}],"replies":[{"embeddable":true,"href":"https:\/\/slw.sunlightchurch.com\/pt\/wp-json\/wp\/v2\/comments?post=5146"}],"version-history":[{"count":7,"href":"https:\/\/slw.sunlightchurch.com\/pt\/wp-json\/wp\/v2\/pages\/5146\/revisions"}],"predecessor-version":[{"id":9011,"href":"https:\/\/slw.sunlightchurch.com\/pt\/wp-json\/wp\/v2\/pages\/5146\/revisions\/9011"}],"up":[{"embeddable":true,"href":"https:\/\/slw.sunlightchurch.com\/pt\/wp-json\/wp\/v2\/pages\/979"}],"wp:attachment":[{"href":"https:\/\/slw.sunlightchurch.com\/pt\/wp-json\/wp\/v2\/media?parent=5146"}],"curies":[{"name":"wp","href":"https:\/\/api.w.org\/{rel}","templated":true}]}}