{"id":147,"date":"2020-03-21T05:18:11","date_gmt":"2020-03-21T02:18:11","guid":{"rendered":"https:\/\/jpa.mbc.mybluehost.me\/.website_9c6ec746\/?page_id=147"},"modified":"2023-11-21T10:13:56","modified_gmt":"2023-11-21T15:13:56","slug":"our-beliefs","status":"publish","type":"page","link":"https:\/\/slw.sunlightchurch.com\/pt\/our-beliefs\/","title":{"rendered":"Our Beliefs"},"content":{"rendered":"<div data-elementor-type=\"wp-page\" data-elementor-id=\"147\" class=\"elementor elementor-147\" data-elementor-post-type=\"page\">\n\t\t\t\t\t\t<section class=\"elementor-section elementor-top-section elementor-element elementor-element-304cd70 elementor-section-boxed elementor-section-height-default elementor-section-height-default\" data-id=\"304cd70\" data-element_type=\"section\">\n\t\t\t\t\t\t<div class=\"elementor-container elementor-column-gap-default\">\n\t\t\t\t\t<div class=\"elementor-column elementor-col-100 elementor-top-column elementor-element elementor-element-8bc5cbc\" data-id=\"8bc5cbc\" data-element_type=\"column\">\n\t\t\t<div class=\"elementor-widget-wrap elementor-element-populated\">\n\t\t\t\t\t\t<div class=\"elementor-element elementor-element-2e022b6 elementor-widget elementor-widget-spacer\" data-id=\"2e022b6\" data-element_type=\"widget\" data-widget_type=\"spacer.default\">\n\t\t\t\t<div class=\"elementor-widget-container\">\n\t\t\t\t\t<div class=\"elementor-spacer\">\n\t\t\t<div class=\"elementor-spacer-inner\"><\/div>\n\t\t<\/div>\n\t\t\t\t<\/div>\n\t\t\t\t<\/div>\n\t\t\t\t<div class=\"elementor-element elementor-element-0beb77a elementor-widget elementor-widget-heading\" data-id=\"0beb77a\" data-element_type=\"widget\" data-widget_type=\"heading.default\">\n\t\t\t\t<div class=\"elementor-widget-container\">\n\t\t\t<h1 class=\"elementor-heading-title elementor-size-xl\">O que acreditamos na Sunlight<\/h1>\t\t<\/div>\n\t\t\t\t<\/div>\n\t\t\t\t<div class=\"elementor-element elementor-element-4afd3f7 elementor-widget elementor-widget-image\" data-id=\"4afd3f7\" data-element_type=\"widget\" data-widget_type=\"image.default\">\n\t\t\t\t<div class=\"elementor-widget-container\">\n\t\t\t\t\t\t\t\t\t\t\t\t\t<img fetchpriority=\"high\" decoding=\"async\" width=\"2560\" height=\"948\" src=\"https:\/\/slw.sunlightchurch.com\/wp-content\/uploads\/2023\/09\/finishedbuildinglower-scaled.jpg\" class=\"attachment-full size-full wp-image-7113\" alt=\"\" srcset=\"https:\/\/slw.sunlightchurch.com\/wp-content\/uploads\/2023\/09\/finishedbuildinglower-scaled.jpg 2560w, https:\/\/slw.sunlightchurch.com\/wp-content\/uploads\/2023\/09\/finishedbuildinglower-300x111.jpg 300w, https:\/\/slw.sunlightchurch.com\/wp-content\/uploads\/2023\/09\/finishedbuildinglower-1024x379.jpg 1024w, https:\/\/slw.sunlightchurch.com\/wp-content\/uploads\/2023\/09\/finishedbuildinglower-768x284.jpg 768w, https:\/\/slw.sunlightchurch.com\/wp-content\/uploads\/2023\/09\/finishedbuildinglower-48x18.jpg 48w, https:\/\/slw.sunlightchurch.com\/wp-content\/uploads\/2023\/09\/finishedbuildinglower-1000x370.jpg 1000w, https:\/\/slw.sunlightchurch.com\/wp-content\/uploads\/2023\/09\/finishedbuildinglower-600x222.jpg 600w, https:\/\/slw.sunlightchurch.com\/wp-content\/uploads\/2023\/09\/finishedbuildinglower-200x74.jpg 200w, https:\/\/slw.sunlightchurch.com\/wp-content\/uploads\/2023\/09\/finishedbuildinglower-1536x569.jpg 1536w, https:\/\/slw.sunlightchurch.com\/wp-content\/uploads\/2023\/09\/finishedbuildinglower-2048x759.jpg 2048w\" sizes=\"(max-width: 2560px) 100vw, 2560px\" \/>\t\t\t\t\t\t\t\t\t\t\t\t\t<\/div>\n\t\t\t\t<\/div>\n\t\t\t\t<div class=\"elementor-element elementor-element-7fdeaf5 elementor-invisible elementor-widget elementor-widget-text-editor\" data-id=\"7fdeaf5\" data-element_type=\"widget\" data-settings=\"{&quot;_animation&quot;:&quot;slideInUp&quot;}\" data-widget_type=\"text-editor.default\">\n\t\t\t\t<div class=\"elementor-widget-container\">\n\t\t\t\t\t\t\t<h1 style=\"text-align: center;\"><span style=\"color: #ff6600;\">Nossas Cren\u00e7as: \u201cPecado, Salva\u00e7\u00e3o, Servi\u00e7o\u201d<\/span><\/h1><h2>\u00a0<\/h2><h2 style=\"text-align: center;\"><span style=\"color: #ff6600;\">PECADO<\/span><\/h2><h3>Acreditamos que, como resultado da queda, todo ser humano tem uma natureza pecaminosa e n\u00e3o est\u00e1 \u00e0 altura.<\/h3><p style=\"padding-left: 40px;\">Deus tem um problema comigo porque n\u00e3o estou \u00e0 altura de Seu padr\u00e3o perfeito. Embora Deus tenha criado os humanos bons e \u00e0 Sua pr\u00f3pria imagem, eu repetidamente quebrei a lei \u2013 cometendo crimes contra Ele e outros em meus pensamentos, palavras e a\u00e7\u00f5es. Tenho uma tend\u00eancia natural a odiar a Deus e ao pr\u00f3ximo.<\/p><h3>Acreditamos que Deus \u00e9 justo e justo. Isso resulta na minha puni\u00e7\u00e3o, ou seja, a morte.<\/h3><p style=\"padding-left: 40px;\">Deus \u00e9 justo e perfeito. Meu pecado \u00e9 uma barreira ao Seu abra\u00e7o. Deus \u00e9 justo e deve punir todos os pecados que cometi ou cometerei. O castigo \u00e9 a morte \u2013 o castigo eterno do corpo e da alma.<\/p><h3>Acreditamos que boas obras n\u00e3o funcionar\u00e3o.<\/h3><p style=\"padding-left: 40px;\">N\u00e3o h\u00e1 nada que eu possa fazer para me tornar aceit\u00e1vel a Deus, n\u00e3o importa o quanto eu tente ou o qu\u00e3o religioso eu me torne. Na verdade eu aumento minha culpa a cada dia.<\/p><h2>\u00a0<\/h2><h2 style=\"text-align: center;\"><span style=\"color: #ff6600;\">SALVA\u00c7\u00c3O<\/span><\/h2><h3>Acreditamos que Deus \u00e9 amoroso e misericordioso, por isso Ele providenciou um substituto.<\/h3><p style=\"padding-left: 40px;\">Em Seu amor, Deus providenciou um substituto, algu\u00e9m para receber o castigo por mim. Nenhuma outra criatura poderia realizar esta obra, ent\u00e3o Deus, o Pai, enviou Deus, o Filho, para ser esse substituto.<\/p><h3>Acreditamos que Jesus \u00e9 o substituto perfeito.<\/h3><p style=\"padding-left: 40px;\">1. Verdadeiramente humano e verdadeiramente justo: Jesus era plenamente humano e viveu uma vida sem pecado. A natureza humana, que pecou, deve pagar pelo seu pecado. Um pecador nunca poderia pagar por outro pecador.<br \/>2. Deus verdadeiro: Somente pelo poder de Sua divindade Cristo poderia suportar o peso da ira de Deus.<\/p><h3>Cremos que Cristo morreu e ressuscitou.<\/h3><p style=\"padding-left: 40px;\">Deus colocou meus pecados sobre Jesus e o puniu em meu lugar na cruz. Jesus morreu e foi sepultado. No terceiro dia ele ressuscitou dos mortos, provando que meus dois inimigos \u2013 o pecado e a morte \u2013 foram completamente vencidos. Isto garante minha gloriosa ressurrei\u00e7\u00e3o.<\/p><h2>\u00a0<\/h2><h2 style=\"text-align: center;\"><span style=\"color: #ff6600;\">SERVI\u00c7O<\/span><\/h2><h3>Acreditamos que Jesus nos convida a uma nova vida atrav\u00e9s do arrependimento e da convers\u00e3o.<\/h3><p style=\"padding-left: 40px;\">Jesus oferece o perd\u00e3o dos pecados e o dom da vida eterna. Ele oferece isto \u00e0queles que, atrav\u00e9s da obra do Esp\u00edrito e pela verdadeira f\u00e9, confiam Nele. Jesus os salva do pecado e da condena\u00e7\u00e3o eterna para uma nova vida vivida com e para Ele.<\/p><h3>Acreditamos que somos salvos para fazer boas obras.<\/h3><p style=\"padding-left: 40px;\">Cristo, pelo Seu Esp\u00edrito, est\u00e1 me renovando para ser como Ele mesmo, para que:<br \/>a. Pelo meu viver mostro que sou grato a Deus e O louvo<br \/>b. Pelas boas obras tenho certeza da minha f\u00e9 pelos seus frutos<br \/>c. Outros podem ser conquistados para Cristo.<\/p>\t\t\t\t\t\t<\/div>\n\t\t\t\t<\/div>\n\t\t\t\t\t<\/div>\n\t\t<\/div>\n\t\t\t\t\t<\/div>\n\t\t<\/section>\n\t\t\t\t<section class=\"elementor-section elementor-top-section elementor-element elementor-element-cbf1000 elementor-section-boxed elementor-section-height-default elementor-section-height-default\" data-id=\"cbf1000\" data-element_type=\"section\">\n\t\t\t\t\t\t<div class=\"elementor-container elementor-column-gap-default\">\n\t\t\t\t\t<div class=\"elementor-column elementor-col-100 elementor-top-column elementor-element elementor-element-6e05d3c\" data-id=\"6e05d3c\" data-element_type=\"column\">\n\t\t\t<div class=\"elementor-widget-wrap elementor-element-populated\">\n\t\t\t\t\t\t<div class=\"elementor-element elementor-element-f13851b elementor-widget elementor-widget-spacer\" data-id=\"f13851b\" data-element_type=\"widget\" data-widget_type=\"spacer.default\">\n\t\t\t\t<div class=\"elementor-widget-container\">\n\t\t\t\t\t<div class=\"elementor-spacer\">\n\t\t\t<div class=\"elementor-spacer-inner\"><\/div>\n\t\t<\/div>\n\t\t\t\t<\/div>\n\t\t\t\t<\/div>\n\t\t\t\t\t<\/div>\n\t\t<\/div>\n\t\t\t\t\t<\/div>\n\t\t<\/section>\n\t\t\t\t<\/div>","protected":false},"excerpt":{"rendered":"<p>What We Believe at Sunlight Our Beliefs: &#8220;Sin, Salvation, Service&#8221; \u00a0 SIN We believe that as a result of the fall, every human being has a sinful nature and doesn\u2019t [&hellip;]<\/p>","protected":false},"author":1,"featured_media":0,"parent":0,"menu_order":0,"comment_status":"closed","ping_status":"closed","template":"","meta":{"footnotes":""},"class_list":["post-147","page","type-page","status-publish","hentry"],"_links":{"self":[{"href":"https:\/\/slw.sunlightchurch.com\/pt\/wp-json\/wp\/v2\/pages\/147","targetHints":{"allow":["GET"]}}],"collection":[{"href":"https:\/\/slw.sunlightchurch.com\/pt\/wp-json\/wp\/v2\/pages"}],"about":[{"href":"https:\/\/slw.sunlightchurch.com\/pt\/wp-json\/wp\/v2\/types\/page"}],"author":[{"embeddable":true,"href":"https:\/\/slw.sunlightchurch.com\/pt\/wp-json\/wp\/v2\/users\/1"}],"replies":[{"embeddable":true,"href":"https:\/\/slw.sunlightchurch.com\/pt\/wp-json\/wp\/v2\/comments?post=147"}],"version-history":[{"count":8,"href":"https:\/\/slw.sunlightchurch.com\/pt\/wp-json\/wp\/v2\/pages\/147\/revisions"}],"predecessor-version":[{"id":8993,"href":"https:\/\/slw.sunlightchurch.com\/pt\/wp-json\/wp\/v2\/pages\/147\/revisions\/8993"}],"wp:attachment":[{"href":"https:\/\/slw.sunlightchurch.com\/pt\/wp-json\/wp\/v2\/media?parent=147"}],"curies":[{"name":"wp","href":"https:\/\/api.w.org\/{rel}","templated":true}]}}