{"id":5220,"date":"2022-08-24T11:12:52","date_gmt":"2022-08-24T15:12:52","guid":{"rendered":"https:\/\/jpa.mbc.mybluehost.me\/.website_9c6ec746\/?page_id=5220"},"modified":"2023-11-21T10:15:45","modified_gmt":"2023-11-21T15:15:45","slug":"prayer","status":"publish","type":"page","link":"https:\/\/slw.sunlightchurch.com\/es\/getinvolved\/prayer\/","title":{"rendered":"Oraci\u00f3n"},"content":{"rendered":"<div data-elementor-type=\"wp-page\" data-elementor-id=\"5220\" class=\"elementor elementor-5220\" data-elementor-post-type=\"page\">\n\t\t\t\t\t\t<section class=\"elementor-section elementor-top-section elementor-element elementor-element-a7e7873 elementor-section-boxed elementor-section-height-default elementor-section-height-default\" data-id=\"a7e7873\" data-element_type=\"section\">\n\t\t\t\t\t\t<div class=\"elementor-container elementor-column-gap-default\">\n\t\t\t\t\t<div class=\"elementor-column elementor-col-100 elementor-top-column elementor-element elementor-element-06acfa8\" data-id=\"06acfa8\" data-element_type=\"column\">\n\t\t\t<div class=\"elementor-widget-wrap elementor-element-populated\">\n\t\t\t\t\t\t<div class=\"elementor-element elementor-element-c2817cd elementor-widget elementor-widget-image\" data-id=\"c2817cd\" data-element_type=\"widget\" data-widget_type=\"image.default\">\n\t\t\t\t<div class=\"elementor-widget-container\">\n\t\t\t\t\t\t\t\t\t\t\t\t\t<img fetchpriority=\"high\" decoding=\"async\" width=\"768\" height=\"473\" src=\"https:\/\/slw.sunlightchurch.com\/wp-content\/uploads\/2022\/08\/prayercircle-768x473.png\" class=\"attachment-medium_large size-medium_large wp-image-5152\" alt=\"\" srcset=\"https:\/\/slw.sunlightchurch.com\/wp-content\/uploads\/2022\/08\/prayercircle-768x473.png 768w, https:\/\/slw.sunlightchurch.com\/wp-content\/uploads\/2022\/08\/prayercircle-300x185.png 300w, https:\/\/slw.sunlightchurch.com\/wp-content\/uploads\/2022\/08\/prayercircle-1024x630.png 1024w, https:\/\/slw.sunlightchurch.com\/wp-content\/uploads\/2022\/08\/prayercircle.png 1300w\" sizes=\"(max-width: 768px) 100vw, 768px\" \/>\t\t\t\t\t\t\t\t\t\t\t\t\t<\/div>\n\t\t\t\t<\/div>\n\t\t\t\t<div class=\"elementor-element elementor-element-ba44cc5 elementor-widget elementor-widget-heading\" data-id=\"ba44cc5\" data-element_type=\"widget\" data-widget_type=\"heading.default\">\n\t\t\t\t<div class=\"elementor-widget-container\">\n\t\t\t<h2 class=\"elementor-heading-title elementor-size-xl\">Muro de oraci\u00f3n<\/h2>\t\t<\/div>\n\t\t\t\t<\/div>\n\t\t\t\t<div class=\"elementor-element elementor-element-ed982cc elementor-widget elementor-widget-text-editor\" data-id=\"ed982cc\" data-element_type=\"widget\" data-widget_type=\"text-editor.default\">\n\t\t\t\t<div class=\"elementor-widget-container\">\n\t\t\t\t\t\t\t<p>El Muro de Oraci\u00f3n de Sunlight Community Church es un espacio sagrado donde puedes compartir tus peticiones de oraci\u00f3n, elevando tus alegr\u00edas, preocupaciones y esperanzas a una comunidad amorosa. Juntos, fortalecemos nuestra fe y nos apoyamos unos a otros en el camino de la vida. Ya sea buscando consuelo, gu\u00eda o celebrando bendiciones, un\u00e1monos en oraci\u00f3n. Visite nuestro Muro de Oraci\u00f3n a continuaci\u00f3n y si est\u00e1 aqu\u00ed para solicitar oraci\u00f3n o para orar por alguien m\u00e1s, su voz es importante aqu\u00ed.<\/p>\t\t\t\t\t\t<\/div>\n\t\t\t\t<\/div>\n\t\t\t\t<div class=\"elementor-element elementor-element-8e65040 elementor-widget elementor-widget-text-editor\" data-id=\"8e65040\" data-element_type=\"widget\" data-widget_type=\"text-editor.default\">\n\t\t\t\t<div class=\"elementor-widget-container\">\n\t\t\t\t\t\t\t<h3>\u201cTe invoco, Dios m\u00edo, porque t\u00fa me responder\u00e1s; vuelve a m\u00ed tu o\u00eddo y escucha mi oraci\u00f3n\u201d. Salmo 17:6<\/h3>\t\t\t\t\t\t<\/div>\n\t\t\t\t<\/div>\n\t\t\t\t<div class=\"elementor-element elementor-element-e076c21 elementor-widget elementor-widget-text-editor\" data-id=\"e076c21\" data-element_type=\"widget\" data-widget_type=\"text-editor.default\">\n\t\t\t\t<div class=\"elementor-widget-container\">\n\t\t\t\t\t\t\t<p><div id=\"prayerengine\">\n\t<!-- PRAYER ENGINE PRAYER WALL - EDIT AT YOUR OWN RISK! -->\t\n\t\t\t<div id=\"pe-functions\">\n\t\t\t \n<script type=\"text\/javascript\">\n\t\tjQuery(document).ready(function() {\n\t\t\tjQuery('#pe-twitter-area').hide();\n\t\t\tjQuery('#prayerengine_prayer_tweet').focus(function() { \/\/ Replace instructions with current prayer request on click.\n\t\t\t\tvar prayer = jQuery('#prayerengine_prayer').attr('value');\n\t\t\t\tjQuery(this).val(prayer);\n\t\t\t\tjQuery(this).unbind();\n\t\t\t});\n\t\t});\n<\/script>\n\t\t\t\t\t\t\t\t\t\t\t\t\t\t<\/div>\n\t\t<div id=\"pe-container\">\n\t\t\t\t\t\t\t\t\t<div class=\"pe-explore-bar\">\n\t\t\t\t<h4 class=\"pe-form-toggle\"><a href=\"#\" class=\"pe-prayer-form\">Comparte tu petici\u00f3n de oraci\u00f3n<\/a><\/h4>\n\t\t\t<\/div>\n\t\t\t\t\t\t<!-- begin prayer request submit form -->\n\t\t\t<div id=\"pe-submit-container\">\n\t\t\t\t<div id=\"pe-form-container\"  >\n\t\t\t\t\t\t\t\t\t\t\t\t\t\t\t<p class=\"instructions\">\u00a1Bienvenido al muro de oraci\u00f3n de Sunlight Community Church! Puede agregar su petici\u00f3n de oraci\u00f3n a nuestro muro de oraci\u00f3n completando el formulario a continuaci\u00f3n. Una vez recibida su petici\u00f3n de oraci\u00f3n, la compartiremos seg\u00fan sus instrucciones. \u00a1Si\u00e9ntete libre de enviar tantas solicitudes de oraci\u00f3n como quieras!<\/p>\n\t\t\t\t\t<form action=\"https:\/\/slw.sunlightchurch.com\/es\/getinvolved\/prayer\/?enmpe_type=p\" method=\"post\" id=\"prayerform\" data-trp-original-action=\"https:\/\/slw.sunlightchurch.com\/es\/getinvolved\/prayer\/?enmpe_type=p\">\n\t\t\t\t\t\t<table border=\"0\" cellspacing=\"0\" cellpadding=\"0\">\n\t\t\t\t\t\t\t<tr>\n\t\t\t\t\t\t\t\t<td class=\"label\"><label for=\"prayerengine_name\">Su nombre:<\/label><\/td>\n\t\t\t\t\t\t\t\t<td class=\"inputcell\"><input type=\"text\" name=\"prayerengine_name\" value=\"\" id=\"prayerengine_name\" tabindex=\"1\" \/><\/td>\n\t\t\t\t\t\t\t<\/tr>\n\t\t\t\t\t\t\t<tr>\n\t\t\t\t\t\t\t\t<td class=\"label\"><label for=\"prayerengine_email\">Tu correo electr\u00f3nico:<\/label><\/td>\n\t\t\t\t\t\t\t\t<td class=\"inputcell\"><input type=\"text\" name=\"prayerengine_email\" value=\"\" id=\"prayerengine_email\" tabindex=\"2\" \/><\/td>\n\t\t\t\t\t\t\t<\/tr>\n\t\t\t\t\t\t\t\t\t\t\t\t\t\t<tr>\n\t\t\t\t\t\t\t\t<td class=\"label\"><label for=\"prayerengine_phone\">Su tel\u00e9fono:<\/label><\/td>\n\t\t\t\t\t\t\t\t<td class=\"inputcell\"><input type=\"text\" name=\"prayerengine_phone\" value=\"\" id=\"prayerengine_phone\" tabindex=\"3\" \/><\/td>\n\t\t\t\t\t\t\t<\/tr>\n\t\t\t\t\t\t\t\t\t\t\t\t\t\t<tr>\n\t\t\t\t\t\t\t\t<td class=\"label dropdown\"><label for=\"prayerengine_desired_share_option\">Por favor\u2026<\/label><\/td>\n\t\t\t\t\t\t\t\t<td class=\"optioncell\">\n\t\t\t\t\t\t\t\t\t<select name=\"prayerengine_desired_share_option\" id=\"prayerengine_desired_share_option\" tabindex=\"4\">\n\t\t\t\t\t\t\t\t\t\t<option value=\"Share Online\" >Compartir este<\/option>\n\t\t\t\t\t\t\t\t\t\t<option value=\"Share Online Anonymously\" >Comparte esto de forma an\u00f3nima<\/option>\n\t\t\t\t\t\t\t\t\t\t<option value=\"DO NOT Share Online\" >NO compartas esto<\/option>\n\t\t\t\t\t\t\t\t\t<\/select>\n\t\t\t\t\t\t\t\t<\/td>\n\t\t\t\t\t\t\t<\/tr>\n\t\t\t\t\t\t\t<tr>\n\t\t\t\t\t\t\t\t<td class=\"label\"><label for=\"prayerengine_prayer\">Su petici\u00f3n de oraci\u00f3n:<\/label><\/td>\n\t\t\t\t\t\t\t\t<td class=\"prayercell\">\n\t\t\t\t\t\t\t\t\t<textarea name=\"prayerengine_prayer\" rows=\"10\" cols=\"50\" id=\"prayerengine_prayer\" tabindex=\"5\"><\/textarea>\n\t\t\t\t\t\t\t\t\t\t\t\t\t\t\t\t\t<\/td>\n\t\t\t\t\t\t\t<\/tr>\n\t\t\t\t\t\t\t<tr>\n\t\t\t\t\t\t\t\t<td class=\"label empty\"><\/td>\n\t\t\t\t\t\t\t\t<td class=\"optionarea\">\n\t\t\t\t\t\t\t\t\t<input name=\"prayerengine_notifyme\" id=\"prayerengine_notifyme\" type=\"checkbox\" value=\"1\" class=\"check\" tabindex=\"6\"  \/> <label for=\"prayerengine_notifyme\" class=\"checkbox\">Env\u00edeme un correo electr\u00f3nico cuando alguien ore<\/label><br \/>\t\t\t\t\t\t\t\t\t\t\t\t\t\t\t\t\t\t\t\t\t\t\t\t\t\t<\/td>\n\t\t\t\t\t\t\t<\/tr>\n\t\t\t\t\t\t<\/table>\n\t\t\t\t\t\t\t\t\t\t\t\t\t\t<table border=\"0\" cellspacing=\"0\" cellpadding=\"0\">\n\t\t<tr>\n\t\t\t<td class=\"label spam\"><label for=\"prayerengine_prayer\">Protecci\u00f3n contra el spam:<\/label><\/td>\n\t\t\t<td class=\"spamcell\">\n\t\t\t\t <div class=\"g-recaptcha\" data-sitekey=\"6Le4MycTAAAAADzLHCoic0WLlNPqKPMJwjojvWbK\"><\/div>\n\t\t\t\t<script type=\"text\/javascript\"\n\t\t\t\t\tsrc=\"https:\/\/www.google.com\/recaptcha\/api.js?hl=en\">\n\t\t\t\t<\/script>\n\t\t\t<\/td>\n\t\t<\/tr>\n\t<\/table>\n\t\t\t\t\t\t<div id=\"pe-submit-area\">\n\t\t\t\t\t\t\t<input type=\"hidden\" id=\"enmpe_nonce\" name=\"enmpe_nonce\" value=\"a3e569ef0b\" \/><input type=\"hidden\" name=\"_wp_http_referer\" value=\"\/es\/wp-json\/wp\/v2\/pages\/5220\" \/>\t\t\t\t\t\t\t<input type=\"submit\" value=\"Enviar peticion\" class=\"pe-submit\" tabindex=\"10\" \/>\n\t\t\t\t\t\t<\/div>\n\t\t\t\t\t<input type=\"hidden\" name=\"trp-form-language\" value=\"es\"\/><\/form>\n\t\t\t\t<\/div>\n\t\t\t<\/div>\n\t\t\t<div class=\"ie6-spacer\"><\/div>\n\t\t\t<!-- end prayer request submit form -->\t\n\t\t\t\t\t\t\t\t\t<!-- list of prayer requests -->\n\t\t\t<div id=\"pe-prayer-list\">\n\t\t\t\t\t\t\t<div class=\"pe-prayer-odd\" id=\"prayer3\">\n\t\t\t\t\t\t\t\t\t\t\t\t\t\t\t<div class=\"pe-count-area\" id=\"count3\">\n\t\t\t\t\t\t<form action=\"#\" id=\"form3\" method=\"post\" data-trp-original-action=\"#\">\n\t\t\t\t\t\t\t<a href=\"#\" class=\"submitlink\">Rec\u00e9 por esto<\/a>\t\t\t\t\t\t\t\t\t\t\t\t\t\t<h4>Or\u00f3 por 1 vez.<\/h4>\n\t\t\t\t\t\t\t\t\t\t\t\t\t\t<input type=\"hidden\" name=\"id\" value=\"3\" class=\"id\" \/>\n\t\t\t\t\t\t\t<input type=\"hidden\" id=\"enmpe_iprayed3\" name=\"enmpe_iprayed3\" value=\"2a9e22c8e4\" \/><input type=\"hidden\" name=\"_wp_http_referer\" value=\"\/es\/wp-json\/wp\/v2\/pages\/5220\" \/>\t\t\t\t\t\t<input type=\"hidden\" name=\"trp-form-language\" value=\"es\"\/><\/form>\n\t\t\t\t\t<\/div>\n\t\t\t\t\t\t\t\t\t\t<h3 class=\"pe-name\"><a href=\"https:\/\/slw.sunlightchurch.com\/es\/getinvolved\/prayer\/?enmpe=1&#038;enmpe_i=3\">Jake Motisi<\/a><\/h3>\n\t\t\t\t\t<p>Alabado sea Dios por la planificaci\u00f3n de la boda y por que todo vaya bien con bendiciones en el camino.<\/p><h4>Recibido: 6 de septiembre de 2023<\/h4>\n\t\t\t\t<\/div>\n\t\t\t\t\t\t\t<div class=\"pe-prayer-even\" id=\"prayer2\">\n\t\t\t\t\t\t\t\t\t\t\t\t\t\t\t<div class=\"pe-count-area\" id=\"count2\">\n\t\t\t\t\t\t<form action=\"#\" id=\"form2\" method=\"post\" data-trp-original-action=\"#\">\n\t\t\t\t\t\t\t<a href=\"#\" class=\"submitlink\">Rec\u00e9 por esto<\/a>\t\t\t\t\t\t\t\t\t\t\t\t\t\t<h4>Or\u00f3 4 veces.<\/h4>\n\t\t\t\t\t\t\t\t\t\t\t\t\t\t<input type=\"hidden\" name=\"id\" value=\"2\" class=\"id\" \/>\n\t\t\t\t\t\t\t<input type=\"hidden\" id=\"enmpe_iprayed2\" name=\"enmpe_iprayed2\" value=\"b2921fbae6\" \/><input type=\"hidden\" name=\"_wp_http_referer\" value=\"\/es\/wp-json\/wp\/v2\/pages\/5220\" \/>\t\t\t\t\t\t<input type=\"hidden\" name=\"trp-form-language\" value=\"es\"\/><\/form>\n\t\t\t\t\t<\/div>\n\t\t\t\t\t\t\t\t\t\t<h3 class=\"pe-name\"><a href=\"https:\/\/slw.sunlightchurch.com\/es\/getinvolved\/prayer\/?enmpe=1&#038;enmpe_i=2\">Ethan Cohen<\/a><\/h3>\n\t\t\t\t\t<p>Quiero agradecer a Dios por la capacidad de despertarme cada ma\u00f1ana y poder continuar trabajando duro, aprender m\u00e1s y ser un humilde servidor de \u00e9l. \u00a1Tambi\u00e9n estoy muy agradecida por este nuevo Muro de Oraci\u00f3n!<\/p><h4>Recibido: 6 de septiembre de 2023<\/h4>\n\t\t\t\t<\/div>\n\t\t\t\t\t\t<\/div>\n\t\t\t\t\t\t\t\t\t<h3 class=\"enmpe-poweredby\"><a href=\"http:\/\/www.theprayerengine.com\" target=\"_blank\">Desarrollado por motor de oraci\u00f3n<\/a><\/h3>\n\t\t\t\t\t<\/div>\n\t\t\t\t<!-- Version 2.3.2 121521 -->\n<\/div>\n<\/p>\t\t\t\t\t\t<\/div>\n\t\t\t\t<\/div>\n\t\t\t\t\t<\/div>\n\t\t<\/div>\n\t\t\t\t\t<\/div>\n\t\t<\/section>\n\t\t\t\t<section class=\"elementor-section elementor-top-section elementor-element elementor-element-d1e2caf elementor-section-boxed elementor-section-height-default elementor-section-height-default\" data-id=\"d1e2caf\" data-element_type=\"section\">\n\t\t\t\t\t\t<div class=\"elementor-container elementor-column-gap-default\">\n\t\t\t\t\t<div class=\"elementor-column elementor-col-100 elementor-top-column elementor-element elementor-element-46a3e9e\" data-id=\"46a3e9e\" data-element_type=\"column\">\n\t\t\t<div class=\"elementor-widget-wrap elementor-element-populated\">\n\t\t\t\t\t\t<div class=\"elementor-element elementor-element-0c56dbb elementor-widget elementor-widget-spacer\" data-id=\"0c56dbb\" data-element_type=\"widget\" data-widget_type=\"spacer.default\">\n\t\t\t\t<div class=\"elementor-widget-container\">\n\t\t\t\t\t<div class=\"elementor-spacer\">\n\t\t\t<div class=\"elementor-spacer-inner\"><\/div>\n\t\t<\/div>\n\t\t\t\t<\/div>\n\t\t\t\t<\/div>\n\t\t\t\t<div class=\"elementor-element elementor-element-03d06fc elementor-widget elementor-widget-heading\" data-id=\"03d06fc\" data-element_type=\"widget\" data-widget_type=\"heading.default\">\n\t\t\t\t<div class=\"elementor-widget-container\">\n\t\t\t<h2 class=\"elementor-heading-title elementor-size-large\">Visite nuestro Portal de atenci\u00f3n para todas sus necesidades de atenci\u00f3n.<\/h2>\t\t<\/div>\n\t\t\t\t<\/div>\n\t\t\t\t<div class=\"elementor-element elementor-element-fd76dae elementor-align-center elementor-widget elementor-widget-button\" data-id=\"fd76dae\" data-element_type=\"widget\" data-widget_type=\"button.default\">\n\t\t\t\t<div class=\"elementor-widget-container\">\n\t\t\t\t\t\t\t<div class=\"elementor-button-wrapper\">\n\t\t\t\t\t<a class=\"elementor-button elementor-button-link elementor-size-sm\" href=\"https:\/\/www.careportal.org\/church\/sunlight-community-church\/97813\/\">\n\t\t\t\t\t\t<span class=\"elementor-button-content-wrapper\">\n\t\t\t\t\t\t\t\t\t<span class=\"elementor-button-text\">Portal de atenci\u00f3n<\/span>\n\t\t\t\t\t<\/span>\n\t\t\t\t\t<\/a>\n\t\t\t\t<\/div>\n\t\t\t\t\t\t<\/div>\n\t\t\t\t<\/div>\n\t\t\t\t<div class=\"elementor-element elementor-element-2f419cc elementor-widget elementor-widget-text-editor\" data-id=\"2f419cc\" data-element_type=\"widget\" data-widget_type=\"text-editor.default\">\n\t\t\t\t<div class=\"elementor-widget-container\">\n\t\t\t\t\t\t\t<h3>A trav\u00e9s de CarePortal, las iglesias locales pueden ayudar a las familias de crianza y a los m\u00e1s vulnerables de nuestra comunidad. CarePortal conecta a las agencias que trabajan con estas familias con iglesias locales para ayudar a las familias y, en primer lugar, evitar que los ni\u00f1os ingresen al sistema de cuidado de crianza. Si desea ver o ayudar con las necesidades que hay en nuestra comunidad en este momento, haga clic en el enlace a continuaci\u00f3n.\u00a0<\/h3>\t\t\t\t\t\t<\/div>\n\t\t\t\t<\/div>\n\t\t\t\t\t<\/div>\n\t\t<\/div>\n\t\t\t\t\t<\/div>\n\t\t<\/section>\n\t\t\t\t<section class=\"elementor-section elementor-top-section elementor-element elementor-element-1569450 elementor-hidden-desktop elementor-hidden-tablet elementor-hidden-mobile elementor-section-boxed elementor-section-height-default elementor-section-height-default\" data-id=\"1569450\" data-element_type=\"section\" data-settings=\"{&quot;background_background&quot;:&quot;classic&quot;,&quot;motion_fx_motion_fx_scrolling&quot;:&quot;yes&quot;,&quot;motion_fx_translateY_effect&quot;:&quot;yes&quot;,&quot;motion_fx_translateY_direction&quot;:&quot;negative&quot;,&quot;motion_fx_translateY_affectedRange&quot;:{&quot;unit&quot;:&quot;%&quot;,&quot;size&quot;:&quot;&quot;,&quot;sizes&quot;:{&quot;start&quot;:0,&quot;end&quot;:50}},&quot;motion_fx_translateY_speed&quot;:{&quot;unit&quot;:&quot;px&quot;,&quot;size&quot;:4,&quot;sizes&quot;:[]},&quot;motion_fx_devices&quot;:[&quot;desktop&quot;,&quot;laptop&quot;,&quot;tablet&quot;,&quot;mobile&quot;]}\">\n\t\t\t\t\t\t<div class=\"elementor-container elementor-column-gap-default\">\n\t\t\t\t\t<div class=\"elementor-column elementor-col-100 elementor-top-column elementor-element elementor-element-1419a78\" data-id=\"1419a78\" data-element_type=\"column\">\n\t\t\t<div class=\"elementor-widget-wrap elementor-element-populated\">\n\t\t\t\t\t\t<div class=\"elementor-element elementor-element-45bb86b elementor-widget__width-initial elementor-widget elementor-widget-heading\" data-id=\"45bb86b\" data-element_type=\"widget\" data-widget_type=\"heading.default\">\n\t\t\t\t<div class=\"elementor-widget-container\">\n\t\t\t<h2 class=\"elementor-heading-title elementor-size-large\">\u00a1Mantente conectado!<\/h2>\t\t<\/div>\n\t\t\t\t<\/div>\n\t\t\t\t<div class=\"elementor-element elementor-element-dafbb2c elementor-widget elementor-widget-text-editor\" data-id=\"dafbb2c\" data-element_type=\"widget\" data-widget_type=\"text-editor.default\">\n\t\t\t\t<div class=\"elementor-widget-container\">\n\t\t\t\t\t\t\tDescarga nuestra aplicaci\u00f3n Sunlight y mantente al d\u00eda <br>\u00a1Con anuncios, sermones y m\u00e1s!\t\t\t\t\t\t<\/div>\n\t\t\t\t<\/div>\n\t\t\t\t<div class=\"elementor-element elementor-element-922d4bd elementor-align-right elementor-widget elementor-widget-button\" data-id=\"922d4bd\" data-element_type=\"widget\" data-widget_type=\"button.default\">\n\t\t\t\t<div class=\"elementor-widget-container\">\n\t\t\t\t\t\t\t<div class=\"elementor-button-wrapper\">\n\t\t\t\t\t<a class=\"elementor-button elementor-button-link elementor-size-sm\" href=\"#\">\n\t\t\t\t\t\t<span class=\"elementor-button-content-wrapper\">\n\t\t\t\t\t\t\t\t\t<span class=\"elementor-button-text\">Obtenga la aplicaci\u00f3n ahora<\/span>\n\t\t\t\t\t<\/span>\n\t\t\t\t\t<\/a>\n\t\t\t\t<\/div>\n\t\t\t\t\t\t<\/div>\n\t\t\t\t<\/div>\n\t\t\t\t\t<\/div>\n\t\t<\/div>\n\t\t\t\t\t<\/div>\n\t\t<\/section>\n\t\t\t\t<\/div>","protected":false},"excerpt":{"rendered":"<p>Prayer Wall The Sunlight Community Church Prayer Wall is a sacred space where you can share your prayer requests, lifting your joys, concerns, and hopes to a loving community. Together, [&hellip;]<\/p>","protected":false},"author":2,"featured_media":258,"parent":979,"menu_order":0,"comment_status":"closed","ping_status":"closed","template":"","meta":{"footnotes":""},"class_list":["post-5220","page","type-page","status-publish","has-post-thumbnail","hentry"],"_links":{"self":[{"href":"https:\/\/slw.sunlightchurch.com\/es\/wp-json\/wp\/v2\/pages\/5220","targetHints":{"allow":["GET"]}}],"collection":[{"href":"https:\/\/slw.sunlightchurch.com\/es\/wp-json\/wp\/v2\/pages"}],"about":[{"href":"https:\/\/slw.sunlightchurch.com\/es\/wp-json\/wp\/v2\/types\/page"}],"author":[{"embeddable":true,"href":"https:\/\/slw.sunlightchurch.com\/es\/wp-json\/wp\/v2\/users\/2"}],"replies":[{"embeddable":true,"href":"https:\/\/slw.sunlightchurch.com\/es\/wp-json\/wp\/v2\/comments?post=5220"}],"version-history":[{"count":8,"href":"https:\/\/slw.sunlightchurch.com\/es\/wp-json\/wp\/v2\/pages\/5220\/revisions"}],"predecessor-version":[{"id":9020,"href":"https:\/\/slw.sunlightchurch.com\/es\/wp-json\/wp\/v2\/pages\/5220\/revisions\/9020"}],"up":[{"embeddable":true,"href":"https:\/\/slw.sunlightchurch.com\/es\/wp-json\/wp\/v2\/pages\/979"}],"wp:featuredmedia":[{"embeddable":true,"href":"https:\/\/slw.sunlightchurch.com\/es\/wp-json\/wp\/v2\/media\/258"}],"wp:attachment":[{"href":"https:\/\/slw.sunlightchurch.com\/es\/wp-json\/wp\/v2\/media?parent=5220"}],"curies":[{"name":"wp","href":"https:\/\/api.w.org\/{rel}","templated":true}]}}