{"id":5146,"date":"2022-08-04T12:48:32","date_gmt":"2022-08-04T16:48:32","guid":{"rendered":"https:\/\/jpa.mbc.mybluehost.me\/.website_9c6ec746\/?page_id=5146"},"modified":"2023-11-21T10:15:05","modified_gmt":"2023-11-21T15:15:05","slug":"care-ministry","status":"publish","type":"page","link":"https:\/\/slw.sunlightchurch.com\/es\/getinvolved\/care-ministry\/","title":{"rendered":"Ministerio de Atenci\u00f3n"},"content":{"rendered":"<div data-elementor-type=\"wp-page\" data-elementor-id=\"5146\" class=\"elementor elementor-5146\" data-elementor-post-type=\"page\">\n\t\t\t\t\t\t<section class=\"elementor-section elementor-top-section elementor-element elementor-element-14d1c48 elementor-section-boxed elementor-section-height-default elementor-section-height-default\" data-id=\"14d1c48\" data-element_type=\"section\">\n\t\t\t\t\t\t<div class=\"elementor-container elementor-column-gap-default\">\n\t\t\t\t\t<div class=\"elementor-column elementor-col-100 elementor-top-column elementor-element elementor-element-0c8f28d\" data-id=\"0c8f28d\" data-element_type=\"column\">\n\t\t\t<div class=\"elementor-widget-wrap elementor-element-populated\">\n\t\t\t\t\t\t<div class=\"elementor-element elementor-element-abbd462 elementor-widget elementor-widget-image\" data-id=\"abbd462\" data-element_type=\"widget\" data-widget_type=\"image.default\">\n\t\t\t\t<div class=\"elementor-widget-container\">\n\t\t\t\t\t\t\t\t\t\t\t\t\t<img fetchpriority=\"high\" decoding=\"async\" width=\"768\" height=\"432\" src=\"https:\/\/slw.sunlightchurch.com\/wp-content\/uploads\/2022\/08\/sunlightcarescloudshadow-768x432.png\" class=\"attachment-medium_large size-medium_large wp-image-5159\" alt=\"\" srcset=\"https:\/\/slw.sunlightchurch.com\/wp-content\/uploads\/2022\/08\/sunlightcarescloudshadow-768x432.png 768w, https:\/\/slw.sunlightchurch.com\/wp-content\/uploads\/2022\/08\/sunlightcarescloudshadow-300x169.png 300w, https:\/\/slw.sunlightchurch.com\/wp-content\/uploads\/2022\/08\/sunlightcarescloudshadow-1024x576.png 1024w, https:\/\/slw.sunlightchurch.com\/wp-content\/uploads\/2022\/08\/sunlightcarescloudshadow.png 1200w\" sizes=\"(max-width: 768px) 100vw, 768px\" \/>\t\t\t\t\t\t\t\t\t\t\t\t\t<\/div>\n\t\t\t\t<\/div>\n\t\t\t\t<div class=\"elementor-element elementor-element-be860a7 elementor-widget elementor-widget-heading\" data-id=\"be860a7\" data-element_type=\"widget\" data-widget_type=\"heading.default\">\n\t\t\t\t<div class=\"elementor-widget-container\">\n\t\t\t<h2 class=\"elementor-heading-title elementor-size-large\">\u201cLlevad las cargas unos de otros, y as\u00ed cumplir\u00e9is la ley de Cristo\u201d G\u00e1latas 6:2<\/h2>\t\t<\/div>\n\t\t\t\t<\/div>\n\t\t\t\t\t<\/div>\n\t\t<\/div>\n\t\t\t\t\t<\/div>\n\t\t<\/section>\n\t\t\t\t<section class=\"elementor-section elementor-top-section elementor-element elementor-element-1fdcf84 elementor-section-boxed elementor-section-height-default elementor-section-height-default\" data-id=\"1fdcf84\" data-element_type=\"section\">\n\t\t\t\t\t\t<div class=\"elementor-container elementor-column-gap-default\">\n\t\t\t\t\t<div class=\"elementor-column elementor-col-100 elementor-top-column elementor-element elementor-element-92da18f\" data-id=\"92da18f\" data-element_type=\"column\">\n\t\t\t<div class=\"elementor-widget-wrap elementor-element-populated\">\n\t\t\t\t\t\t<div class=\"elementor-element elementor-element-f6ef2f2 elementor-widget elementor-widget-text-editor\" data-id=\"f6ef2f2\" data-element_type=\"widget\" data-widget_type=\"text-editor.default\">\n\t\t\t\t<div class=\"elementor-widget-container\">\n\t\t\t\t\t\t\t<h3><span style=\"font-weight: 400;\">\u00a1En Sunlight creemos en vivir una vida de Jes\u00fas! Jes\u00fas nos dice que amemos a los dem\u00e1s como \u00e9l nos ha amado. \u00c9l dice que nuestro amor mutuo ser\u00e1 una demostraci\u00f3n del hecho de que somos sus disc\u00edpulos (Juan 13:34-35). Si necesita oraci\u00f3n, asistencia alimentaria, visitas o est\u00e1 pasando por otras dificultades en la vida, queremos que sepa que no est\u00e1 solo. Estas son algunas de las formas en que en Sunlight esperamos compartir el amor de Cristo con usted. <\/span><\/h3>\t\t\t\t\t\t<\/div>\n\t\t\t\t<\/div>\n\t\t\t\t\t<\/div>\n\t\t<\/div>\n\t\t\t\t\t<\/div>\n\t\t<\/section>\n\t\t\t\t<section class=\"elementor-section elementor-top-section elementor-element elementor-element-c6ad889 elementor-section-boxed elementor-section-height-default elementor-section-height-default\" data-id=\"c6ad889\" data-element_type=\"section\">\n\t\t\t\t\t\t<div class=\"elementor-container elementor-column-gap-default\">\n\t\t\t\t\t<div class=\"elementor-column elementor-col-33 elementor-top-column elementor-element elementor-element-cf79457\" data-id=\"cf79457\" data-element_type=\"column\">\n\t\t\t<div class=\"elementor-widget-wrap elementor-element-populated\">\n\t\t\t\t\t\t<div class=\"elementor-element elementor-element-63c6898 elementor-widget elementor-widget-image\" data-id=\"63c6898\" data-element_type=\"widget\" data-widget_type=\"image.default\">\n\t\t\t\t<div class=\"elementor-widget-container\">\n\t\t\t\t\t\t\t\t\t\t\t\t\t<img decoding=\"async\" width=\"800\" height=\"450\" src=\"https:\/\/slw.sunlightchurch.com\/wp-content\/uploads\/2022\/08\/Untitled-2-1024x576.jpg\" class=\"attachment-large size-large wp-image-5155\" alt=\"\" srcset=\"https:\/\/slw.sunlightchurch.com\/wp-content\/uploads\/2022\/08\/Untitled-2-1024x576.jpg 1024w, https:\/\/slw.sunlightchurch.com\/wp-content\/uploads\/2022\/08\/Untitled-2-300x169.jpg 300w, https:\/\/slw.sunlightchurch.com\/wp-content\/uploads\/2022\/08\/Untitled-2-768x432.jpg 768w, https:\/\/slw.sunlightchurch.com\/wp-content\/uploads\/2022\/08\/Untitled-2-1536x864.jpg 1536w, https:\/\/slw.sunlightchurch.com\/wp-content\/uploads\/2022\/08\/Untitled-2.jpg 1920w\" sizes=\"(max-width: 800px) 100vw, 800px\" \/>\t\t\t\t\t\t\t\t\t\t\t\t\t<\/div>\n\t\t\t\t<\/div>\n\t\t\t\t\t<\/div>\n\t\t<\/div>\n\t\t\t\t<div class=\"elementor-column elementor-col-33 elementor-top-column elementor-element elementor-element-4d17686\" data-id=\"4d17686\" data-element_type=\"column\">\n\t\t\t<div class=\"elementor-widget-wrap elementor-element-populated\">\n\t\t\t\t\t\t<div class=\"elementor-element elementor-element-2b8d714 elementor-widget elementor-widget-image\" data-id=\"2b8d714\" data-element_type=\"widget\" data-widget_type=\"image.default\">\n\t\t\t\t<div class=\"elementor-widget-container\">\n\t\t\t\t\t\t\t\t\t\t\t\t\t<img decoding=\"async\" width=\"800\" height=\"450\" src=\"https:\/\/slw.sunlightchurch.com\/wp-content\/uploads\/2022\/08\/Untitled2-1024x576.jpg\" class=\"attachment-large size-large wp-image-5157\" alt=\"\" srcset=\"https:\/\/slw.sunlightchurch.com\/wp-content\/uploads\/2022\/08\/Untitled2-1024x576.jpg 1024w, https:\/\/slw.sunlightchurch.com\/wp-content\/uploads\/2022\/08\/Untitled2-300x169.jpg 300w, https:\/\/slw.sunlightchurch.com\/wp-content\/uploads\/2022\/08\/Untitled2-768x432.jpg 768w, https:\/\/slw.sunlightchurch.com\/wp-content\/uploads\/2022\/08\/Untitled2-1536x864.jpg 1536w, https:\/\/slw.sunlightchurch.com\/wp-content\/uploads\/2022\/08\/Untitled2.jpg 1920w\" sizes=\"(max-width: 800px) 100vw, 800px\" \/>\t\t\t\t\t\t\t\t\t\t\t\t\t<\/div>\n\t\t\t\t<\/div>\n\t\t\t\t\t<\/div>\n\t\t<\/div>\n\t\t\t\t<div class=\"elementor-column elementor-col-33 elementor-top-column elementor-element elementor-element-7b4a29f\" data-id=\"7b4a29f\" data-element_type=\"column\">\n\t\t\t<div class=\"elementor-widget-wrap elementor-element-populated\">\n\t\t\t\t\t\t<div class=\"elementor-element elementor-element-231edf2 elementor-widget elementor-widget-image\" data-id=\"231edf2\" data-element_type=\"widget\" data-widget_type=\"image.default\">\n\t\t\t\t<div class=\"elementor-widget-container\">\n\t\t\t\t\t\t\t\t\t\t\t\t\t<img loading=\"lazy\" decoding=\"async\" width=\"800\" height=\"450\" src=\"https:\/\/slw.sunlightchurch.com\/wp-content\/uploads\/2022\/08\/Untitled-1024x576.jpg\" class=\"attachment-large size-large wp-image-5156\" alt=\"\" srcset=\"https:\/\/slw.sunlightchurch.com\/wp-content\/uploads\/2022\/08\/Untitled-1024x576.jpg 1024w, https:\/\/slw.sunlightchurch.com\/wp-content\/uploads\/2022\/08\/Untitled-300x169.jpg 300w, https:\/\/slw.sunlightchurch.com\/wp-content\/uploads\/2022\/08\/Untitled-768x432.jpg 768w, https:\/\/slw.sunlightchurch.com\/wp-content\/uploads\/2022\/08\/Untitled-1536x864.jpg 1536w, https:\/\/slw.sunlightchurch.com\/wp-content\/uploads\/2022\/08\/Untitled.jpg 1920w\" sizes=\"(max-width: 800px) 100vw, 800px\" \/>\t\t\t\t\t\t\t\t\t\t\t\t\t<\/div>\n\t\t\t\t<\/div>\n\t\t\t\t\t<\/div>\n\t\t<\/div>\n\t\t\t\t\t<\/div>\n\t\t<\/section>\n\t\t\t\t<section class=\"elementor-section elementor-top-section elementor-element elementor-element-5c0452e elementor-section-boxed elementor-section-height-default elementor-section-height-default\" data-id=\"5c0452e\" data-element_type=\"section\">\n\t\t\t\t\t\t<div class=\"elementor-container elementor-column-gap-default\">\n\t\t\t\t\t<div class=\"elementor-column elementor-col-100 elementor-top-column elementor-element elementor-element-0be4b26\" data-id=\"0be4b26\" data-element_type=\"column\">\n\t\t\t<div class=\"elementor-widget-wrap elementor-element-populated\">\n\t\t\t\t\t\t<div class=\"elementor-element elementor-element-8c7ddb7 elementor-widget elementor-widget-heading\" data-id=\"8c7ddb7\" data-element_type=\"widget\" data-widget_type=\"heading.default\">\n\t\t\t\t<div class=\"elementor-widget-container\">\n\t\t\t<h1 class=\"elementor-heading-title elementor-size-xl\">C\u00f3mo nuestro ministerio de atenci\u00f3n est\u00e1 funcionando a trav\u00e9s de Dios<\/h1>\t\t<\/div>\n\t\t\t\t<\/div>\n\t\t\t\t\t<\/div>\n\t\t<\/div>\n\t\t\t\t\t<\/div>\n\t\t<\/section>\n\t\t\t\t<section class=\"elementor-section elementor-top-section elementor-element elementor-element-eab4c04 elementor-section-boxed elementor-section-height-default elementor-section-height-default\" data-id=\"eab4c04\" data-element_type=\"section\">\n\t\t\t\t\t\t<div class=\"elementor-container elementor-column-gap-default\">\n\t\t\t\t\t<div class=\"elementor-column elementor-col-50 elementor-top-column elementor-element elementor-element-4d434a5\" data-id=\"4d434a5\" data-element_type=\"column\">\n\t\t\t<div class=\"elementor-widget-wrap elementor-element-populated\">\n\t\t\t\t\t\t<div class=\"elementor-element elementor-element-3c7e120 elementor-widget elementor-widget-heading\" data-id=\"3c7e120\" data-element_type=\"widget\" data-widget_type=\"heading.default\">\n\t\t\t\t<div class=\"elementor-widget-container\">\n\t\t\t<h2 class=\"elementor-heading-title elementor-size-default\">Oraci\u00f3n<\/h2>\t\t<\/div>\n\t\t\t\t<\/div>\n\t\t\t\t<div class=\"elementor-element elementor-element-1716bd6 elementor-widget elementor-widget-image\" data-id=\"1716bd6\" data-element_type=\"widget\" data-widget_type=\"image.default\">\n\t\t\t\t<div class=\"elementor-widget-container\">\n\t\t\t\t\t\t\t\t\t\t\t\t\t<img loading=\"lazy\" decoding=\"async\" width=\"1300\" height=\"800\" src=\"https:\/\/slw.sunlightchurch.com\/wp-content\/uploads\/2022\/08\/prayercircle.png\" class=\"attachment-1536x1536 size-1536x1536 wp-image-5152\" alt=\"\" srcset=\"https:\/\/slw.sunlightchurch.com\/wp-content\/uploads\/2022\/08\/prayercircle.png 1300w, https:\/\/slw.sunlightchurch.com\/wp-content\/uploads\/2022\/08\/prayercircle-300x185.png 300w, https:\/\/slw.sunlightchurch.com\/wp-content\/uploads\/2022\/08\/prayercircle-1024x630.png 1024w, https:\/\/slw.sunlightchurch.com\/wp-content\/uploads\/2022\/08\/prayercircle-768x473.png 768w\" sizes=\"(max-width: 1300px) 100vw, 1300px\" \/>\t\t\t\t\t\t\t\t\t\t\t\t\t<\/div>\n\t\t\t\t<\/div>\n\t\t\t\t<div class=\"elementor-element elementor-element-61203ae elementor-widget elementor-widget-text-editor\" data-id=\"61203ae\" data-element_type=\"widget\" data-widget_type=\"text-editor.default\">\n\t\t\t\t<div class=\"elementor-widget-container\">\n\t\t\t\t\t\t\t<p><span style=\"font-weight: 400;\">A los equipos y grupos de oraci\u00f3n de Sunlight les apasiona elevar sus peticiones de oraci\u00f3n a Dios. \u00a1Todos necesitamos oraci\u00f3n y cuando el pueblo de Dios se re\u00fane para orar suceden cosas maravillosas! Si desea que nuestros equipos de oraci\u00f3n oren por usted, complete el formulario de solicitud a continuaci\u00f3n. <\/span><\/p>\t\t\t\t\t\t<\/div>\n\t\t\t\t<\/div>\n\t\t\t\t<div class=\"elementor-element elementor-element-9c0dbb5 elementor-align-center elementor-widget elementor-widget-button\" data-id=\"9c0dbb5\" data-element_type=\"widget\" data-widget_type=\"button.default\">\n\t\t\t\t<div class=\"elementor-widget-container\">\n\t\t\t\t\t\t\t<div class=\"elementor-button-wrapper\">\n\t\t\t\t\t<a class=\"elementor-button elementor-button-link elementor-size-md elementor-animation-grow\" href=\"https:\/\/sunlightcc.churchcenter.com\/people\/forms\/49982\">\n\t\t\t\t\t\t<span class=\"elementor-button-content-wrapper\">\n\t\t\t\t\t\t\t\t\t<span class=\"elementor-button-text\">Solicitar oraci\u00f3n<\/span>\n\t\t\t\t\t<\/span>\n\t\t\t\t\t<\/a>\n\t\t\t\t<\/div>\n\t\t\t\t\t\t<\/div>\n\t\t\t\t<\/div>\n\t\t\t\t\t<\/div>\n\t\t<\/div>\n\t\t\t\t<div class=\"elementor-column elementor-col-50 elementor-top-column elementor-element elementor-element-0be31b9\" data-id=\"0be31b9\" data-element_type=\"column\">\n\t\t\t<div class=\"elementor-widget-wrap elementor-element-populated\">\n\t\t\t\t\t\t<div class=\"elementor-element elementor-element-1a73cb0 elementor-widget elementor-widget-heading\" data-id=\"1a73cb0\" data-element_type=\"widget\" data-widget_type=\"heading.default\">\n\t\t\t\t<div class=\"elementor-widget-container\">\n\t\t\t<h2 class=\"elementor-heading-title elementor-size-default\">Ministros de cuidado de la luz solar<\/h2>\t\t<\/div>\n\t\t\t\t<\/div>\n\t\t\t\t<div class=\"elementor-element elementor-element-ec5a9a0 elementor-widget elementor-widget-image\" data-id=\"ec5a9a0\" data-element_type=\"widget\" data-widget_type=\"image.default\">\n\t\t\t\t<div class=\"elementor-widget-container\">\n\t\t\t\t\t\t\t\t\t\t\t\t\t<img loading=\"lazy\" decoding=\"async\" width=\"800\" height=\"492\" src=\"https:\/\/slw.sunlightchurch.com\/wp-content\/uploads\/2022\/08\/dannyordination-1024x630.png\" class=\"attachment-large size-large wp-image-5154\" alt=\"\" srcset=\"https:\/\/slw.sunlightchurch.com\/wp-content\/uploads\/2022\/08\/dannyordination-1024x630.png 1024w, https:\/\/slw.sunlightchurch.com\/wp-content\/uploads\/2022\/08\/dannyordination-300x185.png 300w, https:\/\/slw.sunlightchurch.com\/wp-content\/uploads\/2022\/08\/dannyordination-768x473.png 768w, https:\/\/slw.sunlightchurch.com\/wp-content\/uploads\/2022\/08\/dannyordination.png 1300w\" sizes=\"(max-width: 800px) 100vw, 800px\" \/>\t\t\t\t\t\t\t\t\t\t\t\t\t<\/div>\n\t\t\t\t<\/div>\n\t\t\t\t<div class=\"elementor-element elementor-element-7985c89 elementor-widget elementor-widget-text-editor\" data-id=\"7985c89\" data-element_type=\"widget\" data-widget_type=\"text-editor.default\">\n\t\t\t\t<div class=\"elementor-widget-container\">\n\t\t\t\t\t\t\t<p><span style=\"font-weight: 400;\">Utilizando la capacitaci\u00f3n de Stephen Ministries, Sunlight equipa a los laicos para brindar atenci\u00f3n cristiana personalizada a personas de nuestra iglesia y comunidad que est\u00e1n experimentando dificultades en sus vidas. Los ministros de Sunlight Care tambi\u00e9n brindan visitas a quienes se encuentran en hospitales, centros de atenci\u00f3n y a quienes est\u00e1n confinados en sus hogares.<\/span><\/p><p><span style=\"font-weight: 400;\">El Ministerio Sunlight Care es un ministerio confidencial. Si est\u00e1 pasando por un momento dif\u00edcil y podr\u00eda beneficiarse de reunirse semanalmente con el ministro de atenci\u00f3n, queremos asegurarle la identidad de quienes reciben atenci\u00f3n y todo lo que discutan con un ministro de atenci\u00f3n de Sunlight permanecer\u00e1 privado. Si desea hablar con un Ministro de Cuidado de la Luz Solar, solicitar visitas o si est\u00e1 interesado en convertirse en Ministro de Cuidado de la Luz Solar, env\u00ede un correo electr\u00f3nico a: <\/span><a href=\"mailto:jeff@sunlightcc.org\"><span style=\"font-weight: 400;\">jeff@sunlightcc.org<\/span><\/a><\/p>\t\t\t\t\t\t<\/div>\n\t\t\t\t<\/div>\n\t\t\t\t<div class=\"elementor-element elementor-element-e98f8b9 elementor-align-center elementor-widget elementor-widget-button\" data-id=\"e98f8b9\" data-element_type=\"widget\" data-widget_type=\"button.default\">\n\t\t\t\t<div class=\"elementor-widget-container\">\n\t\t\t\t\t\t\t<div class=\"elementor-button-wrapper\">\n\t\t\t\t\t<a class=\"elementor-button elementor-button-link elementor-size-md elementor-animation-grow\" href=\"https:\/\/sunlightcc.churchcenter.com\/people\/forms\/354885\">\n\t\t\t\t\t\t<span class=\"elementor-button-content-wrapper\">\n\t\t\t\t\t\t\t\t\t<span class=\"elementor-button-text\">Solicitar una visita<\/span>\n\t\t\t\t\t<\/span>\n\t\t\t\t\t<\/a>\n\t\t\t\t<\/div>\n\t\t\t\t\t\t<\/div>\n\t\t\t\t<\/div>\n\t\t\t\t\t<\/div>\n\t\t<\/div>\n\t\t\t\t\t<\/div>\n\t\t<\/section>\n\t\t\t\t<section class=\"elementor-section elementor-top-section elementor-element elementor-element-b7003de elementor-section-boxed elementor-section-height-default elementor-section-height-default\" data-id=\"b7003de\" data-element_type=\"section\">\n\t\t\t\t\t\t<div class=\"elementor-container elementor-column-gap-default\">\n\t\t\t\t\t<div class=\"elementor-column elementor-col-50 elementor-top-column elementor-element elementor-element-7161094\" data-id=\"7161094\" data-element_type=\"column\">\n\t\t\t<div class=\"elementor-widget-wrap elementor-element-populated\">\n\t\t\t\t\t\t<div class=\"elementor-element elementor-element-320f553 elementor-widget elementor-widget-heading\" data-id=\"320f553\" data-element_type=\"widget\" data-widget_type=\"heading.default\">\n\t\t\t\t<div class=\"elementor-widget-container\">\n\t\t\t<h2 class=\"elementor-heading-title elementor-size-default\">Despensa de alimentos<\/h2>\t\t<\/div>\n\t\t\t\t<\/div>\n\t\t\t\t<div class=\"elementor-element elementor-element-b81987e elementor-widget elementor-widget-image\" data-id=\"b81987e\" data-element_type=\"widget\" data-widget_type=\"image.default\">\n\t\t\t\t<div class=\"elementor-widget-container\">\n\t\t\t\t\t\t\t\t\t\t\t\t\t<img loading=\"lazy\" decoding=\"async\" width=\"1300\" height=\"800\" src=\"https:\/\/slw.sunlightchurch.com\/wp-content\/uploads\/2022\/08\/gp-1.jpg\" class=\"attachment-2048x2048 size-2048x2048 wp-image-5151\" alt=\"\" srcset=\"https:\/\/slw.sunlightchurch.com\/wp-content\/uploads\/2022\/08\/gp-1.jpg 1300w, https:\/\/slw.sunlightchurch.com\/wp-content\/uploads\/2022\/08\/gp-1-300x185.jpg 300w, https:\/\/slw.sunlightchurch.com\/wp-content\/uploads\/2022\/08\/gp-1-1024x630.jpg 1024w, https:\/\/slw.sunlightchurch.com\/wp-content\/uploads\/2022\/08\/gp-1-768x473.jpg 768w\" sizes=\"(max-width: 1300px) 100vw, 1300px\" \/>\t\t\t\t\t\t\t\t\t\t\t\t\t<\/div>\n\t\t\t\t<\/div>\n\t\t\t\t<div class=\"elementor-element elementor-element-97d2660 elementor-widget elementor-widget-text-editor\" data-id=\"97d2660\" data-element_type=\"widget\" data-widget_type=\"text-editor.default\">\n\t\t\t\t<div class=\"elementor-widget-container\">\n\t\t\t\t\t\t\t<p><span style=\"font-weight: 400;\">Si usted o alguien que conoce no est\u00e1 seguro de d\u00f3nde vendr\u00e1 la pr\u00f3xima comida, queremos ayudarlo. El enlace a continuaci\u00f3n es un formulario de solicitud de atenci\u00f3n; no dude en completarlo y marcar la casilla de inseguridad alimentaria. En el cuadro de comentarios, h\u00e1ganos saber cu\u00e1ntos adultos y ni\u00f1os forman parte de la familia necesitada. A veces puede resultar dif\u00edcil pedir ayuda, pero le animamos a que lo haga si la necesita. <\/span><\/p>\t\t\t\t\t\t<\/div>\n\t\t\t\t<\/div>\n\t\t\t\t<div class=\"elementor-element elementor-element-7e59da8 elementor-align-center elementor-widget elementor-widget-button\" data-id=\"7e59da8\" data-element_type=\"widget\" data-widget_type=\"button.default\">\n\t\t\t\t<div class=\"elementor-widget-container\">\n\t\t\t\t\t\t\t<div class=\"elementor-button-wrapper\">\n\t\t\t\t\t<a class=\"elementor-button elementor-button-link elementor-size-md elementor-animation-grow\" href=\"https:\/\/sunlightcc.churchcenter.com\/people\/forms\/354885\">\n\t\t\t\t\t\t<span class=\"elementor-button-content-wrapper\">\n\t\t\t\t\t\t\t\t\t<span class=\"elementor-button-text\">Solicitar asistencia<\/span>\n\t\t\t\t\t<\/span>\n\t\t\t\t\t<\/a>\n\t\t\t\t<\/div>\n\t\t\t\t\t\t<\/div>\n\t\t\t\t<\/div>\n\t\t\t\t\t<\/div>\n\t\t<\/div>\n\t\t\t\t<div class=\"elementor-column elementor-col-50 elementor-top-column elementor-element elementor-element-48d2a2b\" data-id=\"48d2a2b\" data-element_type=\"column\">\n\t\t\t<div class=\"elementor-widget-wrap elementor-element-populated\">\n\t\t\t\t\t\t<div class=\"elementor-element elementor-element-83954f3 elementor-widget elementor-widget-heading\" data-id=\"83954f3\" data-element_type=\"widget\" data-widget_type=\"heading.default\">\n\t\t\t\t<div class=\"elementor-widget-container\">\n\t\t\t<h2 class=\"elementor-heading-title elementor-size-default\">Portal de atenci\u00f3n<\/h2>\t\t<\/div>\n\t\t\t\t<\/div>\n\t\t\t\t<div class=\"elementor-element elementor-element-a50c912 elementor-widget elementor-widget-image\" data-id=\"a50c912\" data-element_type=\"widget\" data-widget_type=\"image.default\">\n\t\t\t\t<div class=\"elementor-widget-container\">\n\t\t\t\t\t\t\t\t\t\t\t\t\t<img loading=\"lazy\" decoding=\"async\" width=\"800\" height=\"492\" src=\"https:\/\/slw.sunlightchurch.com\/wp-content\/uploads\/2022\/08\/worshiphands-1024x630.png\" class=\"attachment-large size-large wp-image-5153\" alt=\"\" srcset=\"https:\/\/slw.sunlightchurch.com\/wp-content\/uploads\/2022\/08\/worshiphands-1024x630.png 1024w, https:\/\/slw.sunlightchurch.com\/wp-content\/uploads\/2022\/08\/worshiphands-300x185.png 300w, https:\/\/slw.sunlightchurch.com\/wp-content\/uploads\/2022\/08\/worshiphands-768x473.png 768w, https:\/\/slw.sunlightchurch.com\/wp-content\/uploads\/2022\/08\/worshiphands.png 1300w\" sizes=\"(max-width: 800px) 100vw, 800px\" \/>\t\t\t\t\t\t\t\t\t\t\t\t\t<\/div>\n\t\t\t\t<\/div>\n\t\t\t\t<div class=\"elementor-element elementor-element-957ea06 elementor-widget elementor-widget-text-editor\" data-id=\"957ea06\" data-element_type=\"widget\" data-widget_type=\"text-editor.default\">\n\t\t\t\t<div class=\"elementor-widget-container\">\n\t\t\t\t\t\t\t<p><span style=\"font-weight: 400;\">A trav\u00e9s de CarePortal, las iglesias locales pueden ayudar a las familias de acogida y a los m\u00e1s vulnerables de nuestra comunidad. CarePortal conecta a las agencias que trabajan con estas familias con iglesias locales para ayudar a las familias y, en primer lugar, evitar que los ni\u00f1os ingresen al sistema de cuidado de crianza. Si desea ver o ayudar con las necesidades que hay en nuestra comunidad en este momento, haga clic en el enlace a continuaci\u00f3n.\u00a0<\/span><\/p>\t\t\t\t\t\t<\/div>\n\t\t\t\t<\/div>\n\t\t\t\t<div class=\"elementor-element elementor-element-be3bc7a elementor-align-center elementor-widget elementor-widget-button\" data-id=\"be3bc7a\" data-element_type=\"widget\" data-widget_type=\"button.default\">\n\t\t\t\t<div class=\"elementor-widget-container\">\n\t\t\t\t\t\t\t<div class=\"elementor-button-wrapper\">\n\t\t\t\t\t<a class=\"elementor-button elementor-button-link elementor-size-md elementor-animation-grow\" href=\"https:\/\/www.careportal.org\/church\/sunlight-community-church\/97813\">\n\t\t\t\t\t\t<span class=\"elementor-button-content-wrapper\">\n\t\t\t\t\t\t\t\t\t<span class=\"elementor-button-text\">Conectarse<\/span>\n\t\t\t\t\t<\/span>\n\t\t\t\t\t<\/a>\n\t\t\t\t<\/div>\n\t\t\t\t\t\t<\/div>\n\t\t\t\t<\/div>\n\t\t\t\t\t<\/div>\n\t\t<\/div>\n\t\t\t\t\t<\/div>\n\t\t<\/section>\n\t\t\t\t<\/div>","protected":false},"excerpt":{"rendered":"<p>\u201cCarry each others burdens, and in this way you will fulfill the law of Christ\u201d Galatians 6:2 At Sunlight we believe in living a Jesus life! Jesus tells us to [&hellip;]<\/p>","protected":false},"author":18,"featured_media":0,"parent":979,"menu_order":0,"comment_status":"closed","ping_status":"closed","template":"","meta":{"footnotes":""},"class_list":["post-5146","page","type-page","status-publish","hentry"],"_links":{"self":[{"href":"https:\/\/slw.sunlightchurch.com\/es\/wp-json\/wp\/v2\/pages\/5146","targetHints":{"allow":["GET"]}}],"collection":[{"href":"https:\/\/slw.sunlightchurch.com\/es\/wp-json\/wp\/v2\/pages"}],"about":[{"href":"https:\/\/slw.sunlightchurch.com\/es\/wp-json\/wp\/v2\/types\/page"}],"author":[{"embeddable":true,"href":"https:\/\/slw.sunlightchurch.com\/es\/wp-json\/wp\/v2\/users\/18"}],"replies":[{"embeddable":true,"href":"https:\/\/slw.sunlightchurch.com\/es\/wp-json\/wp\/v2\/comments?post=5146"}],"version-history":[{"count":7,"href":"https:\/\/slw.sunlightchurch.com\/es\/wp-json\/wp\/v2\/pages\/5146\/revisions"}],"predecessor-version":[{"id":9011,"href":"https:\/\/slw.sunlightchurch.com\/es\/wp-json\/wp\/v2\/pages\/5146\/revisions\/9011"}],"up":[{"embeddable":true,"href":"https:\/\/slw.sunlightchurch.com\/es\/wp-json\/wp\/v2\/pages\/979"}],"wp:attachment":[{"href":"https:\/\/slw.sunlightchurch.com\/es\/wp-json\/wp\/v2\/media?parent=5146"}],"curies":[{"name":"wp","href":"https:\/\/api.w.org\/{rel}","templated":true}]}}