{"id":1753,"date":"2020-05-01T16:19:21","date_gmt":"2020-05-01T20:19:21","guid":{"rendered":"https:\/\/jpa.mbc.mybluehost.me\/.website_9c6ec746\/?page_id=1753"},"modified":"2023-11-21T10:13:06","modified_gmt":"2023-11-21T15:13:06","slug":"membership","status":"publish","type":"page","link":"https:\/\/slw.sunlightchurch.com\/es\/imnew\/membership\/","title":{"rendered":"Registro de nuevo miembro"},"content":{"rendered":"<div data-elementor-type=\"wp-page\" data-elementor-id=\"1753\" class=\"elementor elementor-1753\" data-elementor-post-type=\"page\">\n\t\t\t\t\t\t<section class=\"elementor-section elementor-top-section elementor-element elementor-element-242f498 hero-el-sect elementor-section-boxed elementor-section-height-default elementor-section-height-default\" data-id=\"242f498\" data-element_type=\"section\">\n\t\t\t\t\t\t<div class=\"elementor-container elementor-column-gap-default\">\n\t\t\t\t\t<div class=\"elementor-column elementor-col-100 elementor-top-column elementor-element elementor-element-16ea1e9\" data-id=\"16ea1e9\" data-element_type=\"column\">\n\t\t\t<div class=\"elementor-widget-wrap elementor-element-populated\">\n\t\t\t\t\t\t<div class=\"elementor-element elementor-element-2c904a0 elementor-widget elementor-widget-spacer\" data-id=\"2c904a0\" data-element_type=\"widget\" data-widget_type=\"spacer.default\">\n\t\t\t\t<div class=\"elementor-widget-container\">\n\t\t\t\t\t<div class=\"elementor-spacer\">\n\t\t\t<div class=\"elementor-spacer-inner\"><\/div>\n\t\t<\/div>\n\t\t\t\t<\/div>\n\t\t\t\t<\/div>\n\t\t\t\t<div class=\"elementor-element elementor-element-03ecab3 elementor-widget elementor-widget-image\" data-id=\"03ecab3\" data-element_type=\"widget\" data-widget_type=\"image.default\">\n\t\t\t\t<div class=\"elementor-widget-container\">\n\t\t\t\t\t\t\t\t\t\t\t\t\t<img fetchpriority=\"high\" decoding=\"async\" width=\"768\" height=\"432\" src=\"https:\/\/slw.sunlightchurch.com\/wp-content\/uploads\/2020\/05\/new-member.001-768x432.jpeg\" class=\"attachment-medium_large size-medium_large wp-image-1756\" alt=\"\" srcset=\"https:\/\/slw.sunlightchurch.com\/wp-content\/uploads\/2020\/05\/new-member.001-768x432.jpeg 768w, https:\/\/slw.sunlightchurch.com\/wp-content\/uploads\/2020\/05\/new-member.001-300x169.jpeg 300w, https:\/\/slw.sunlightchurch.com\/wp-content\/uploads\/2020\/05\/new-member.001-1024x576.jpeg 1024w, https:\/\/slw.sunlightchurch.com\/wp-content\/uploads\/2020\/05\/new-member.001.jpeg 1200w\" sizes=\"(max-width: 768px) 100vw, 768px\" \/>\t\t\t\t\t\t\t\t\t\t\t\t\t<\/div>\n\t\t\t\t<\/div>\n\t\t\t\t<div class=\"elementor-element elementor-element-6e7705c elementor-widget elementor-widget-heading\" data-id=\"6e7705c\" data-element_type=\"widget\" data-widget_type=\"heading.default\">\n\t\t\t\t<div class=\"elementor-widget-container\">\n\t\t\t<h2 class=\"elementor-heading-title elementor-size-default\">Hazte miembro de la Iglesia Sunlight<\/h2>\t\t<\/div>\n\t\t\t\t<\/div>\n\t\t\t\t<div class=\"elementor-element elementor-element-21a6f0e elementor-widget elementor-widget-spacer\" data-id=\"21a6f0e\" data-element_type=\"widget\" data-widget_type=\"spacer.default\">\n\t\t\t\t<div class=\"elementor-widget-container\">\n\t\t\t\t\t<div class=\"elementor-spacer\">\n\t\t\t<div class=\"elementor-spacer-inner\"><\/div>\n\t\t<\/div>\n\t\t\t\t<\/div>\n\t\t\t\t<\/div>\n\t\t\t\t<div class=\"elementor-element elementor-element-14b28aa elementor-widget elementor-widget-text-editor\" data-id=\"14b28aa\" data-element_type=\"widget\" data-widget_type=\"text-editor.default\">\n\t\t\t\t<div class=\"elementor-widget-container\">\n\t\t\t\t\t\t\t<p><span style=\"color: var( --e-global-color-text ); font-family: var( --e-global-typography-text-font-family ), Sans-serif; font-weight: var( --e-global-typography-text-font-weight );\">\u00bfEres nuevo en la iglesia y quieres aprender m\u00e1s sobre nosotros? \u00bfLlevas un tiempo asistiendo y quieres dar el siguiente paso? O tal vez te encuentres en alg\u00fan punto intermedio. Bueno, no importa en qu\u00e9 parte de tu camino con nosotros te encuentres, te invitamos a dar el siguiente paso en la fe convirti\u00e9ndote en miembro.<\/span><\/p><p><span style=\"color: var( --e-global-color-text ); font-family: var( --e-global-typography-text-font-family ), Sans-serif; font-weight: var( --e-global-typography-text-font-weight );\">Nuestra clase de membres\u00eda es el lugar a donde debemos acudir para escuchar acerca de lo que creemos que Dios est\u00e1 haciendo en el mundo, lo que \u00c9l est\u00e1 haciendo en Sunlight Community Church y tambi\u00e9n nos brinda la oportunidad de conocerlo a usted y su historia.<\/span><\/p><ul><li>Queremos honrar su tiempo, por eso le pedimos que antes de la clase, complete alg\u00fan trabajo y lectura previa a la clase y prepare su historia de salvaci\u00f3n para compartir en la clase.<\/li><li>La clase tendr\u00e1 una duraci\u00f3n de 3 sesiones de una hora y media cada una.\u00a0<\/li><li>Las primeras dos sesiones consistir\u00e1n en un tiempo para aprender sobre la historia de Sunlight y compartir tu propia historia de salvaci\u00f3n. Hablaremos sobre la cultura de Sunlight y lo que est\u00e1 sucediendo actualmente, c\u00f3mo involucrarse en nuestros diversos ministerios y tendremos un tiempo para preguntas y respuestas. En la tercera sesi\u00f3n, conocer\u00e1s a otras personas en tu mesa y tendr\u00e1s la oportunidad de compartir brevemente tu historia.<\/li><li>Despu\u00e9s de la clase, alguien se comunicar\u00e1 con usted para confirmar su membres\u00eda o para brindarle los pasos necesarios para lograrla. Luego, en el pr\u00f3ximo Servicio de Celebraci\u00f3n, celebraremos a nuestros nuevos miembros.<\/li><\/ul><p style=\"box-sizing: border-box; color: #7a7a7a; font-family: Gilroy, sans-serif; font-size: medium; font-style: normal; font-variant-ligatures: normal; font-variant-caps: normal; font-weight: 400; letter-spacing: normal; orphans: 2; text-align: start; text-indent: 0px; text-transform: none; white-space: normal; widows: 2; word-spacing: 0px; -webkit-text-stroke-width: 0px; text-decoration-thickness: initial; text-decoration-style: initial; text-decoration-color: initial;\">\u00a0<\/p><p style=\"box-sizing: border-box; color: #7a7a7a; font-family: Gilroy, sans-serif; font-size: medium; font-style: normal; font-variant-ligatures: normal; font-variant-caps: normal; font-weight: 400; letter-spacing: normal; orphans: 2; text-align: start; text-indent: 0px; text-transform: none; white-space: normal; widows: 2; word-spacing: 0px; -webkit-text-stroke-width: 0px; text-decoration-thickness: initial; text-decoration-style: initial; text-decoration-color: initial;\">Te invitamos a que lo pruebes sin presi\u00f3n ni obligaci\u00f3n. A continuaci\u00f3n, se muestran las fechas de nuestra serie de 3 partes de The Journey, nuestra pr\u00f3xima ronda de nuevos miembros.<\/p><p>Para ver cu\u00e1ndo se llevar\u00e1 a cabo la pr\u00f3xima clase de membres\u00eda, consulte la\u00a0<a href=\"https:\/\/sunlightcc.churchcenter.com\/registrations\/events\/1320990\">P\u00e1gina de registro<\/a>.<\/p>\t\t\t\t\t\t<\/div>\n\t\t\t\t<\/div>\n\t\t\t\t<div class=\"elementor-element elementor-element-8cf943e elementor-widget elementor-widget-spacer\" data-id=\"8cf943e\" data-element_type=\"widget\" data-widget_type=\"spacer.default\">\n\t\t\t\t<div class=\"elementor-widget-container\">\n\t\t\t\t\t<div class=\"elementor-spacer\">\n\t\t\t<div class=\"elementor-spacer-inner\"><\/div>\n\t\t<\/div>\n\t\t\t\t<\/div>\n\t\t\t\t<\/div>\n\t\t\t\t\t<\/div>\n\t\t<\/div>\n\t\t\t\t\t<\/div>\n\t\t<\/section>\n\t\t\t\t<section class=\"elementor-section elementor-top-section elementor-element elementor-element-3db8945 elementor-section-boxed elementor-section-height-default elementor-section-height-default\" data-id=\"3db8945\" data-element_type=\"section\">\n\t\t\t\t\t\t<div class=\"elementor-container elementor-column-gap-default\">\n\t\t\t\t\t<div class=\"elementor-column elementor-col-100 elementor-top-column elementor-element elementor-element-9704311\" data-id=\"9704311\" data-element_type=\"column\">\n\t\t\t<div class=\"elementor-widget-wrap elementor-element-populated\">\n\t\t\t\t\t\t<div class=\"elementor-element elementor-element-1010913 elementor-widget elementor-widget-heading\" data-id=\"1010913\" data-element_type=\"widget\" data-widget_type=\"heading.default\">\n\t\t\t\t<div class=\"elementor-widget-container\">\n\t\t\t<h2 class=\"elementor-heading-title elementor-size-default\">Reg\u00edstrate para iniciar el proceso de nueva membres\u00eda.<\/h2>\t\t<\/div>\n\t\t\t\t<\/div>\n\t\t\t\t<div class=\"elementor-element elementor-element-34d59a3 elementor-align-center elementor-widget elementor-widget-button\" data-id=\"34d59a3\" data-element_type=\"widget\" data-widget_type=\"button.default\">\n\t\t\t\t<div class=\"elementor-widget-container\">\n\t\t\t\t\t\t\t<div class=\"elementor-button-wrapper\">\n\t\t\t\t\t<a class=\"elementor-button elementor-button-link elementor-size-xl elementor-animation-float\" href=\"https:\/\/sunlightcc.churchcenter.com\/unproxy\/registrations\/events\/1561425\" target=\"_blank\">\n\t\t\t\t\t\t<span class=\"elementor-button-content-wrapper\">\n\t\t\t\t\t\t\t\t\t<span class=\"elementor-button-text\">Reg\u00edstrate hoy<\/span>\n\t\t\t\t\t<\/span>\n\t\t\t\t\t<\/a>\n\t\t\t\t<\/div>\n\t\t\t\t\t\t<\/div>\n\t\t\t\t<\/div>\n\t\t\t\t<div class=\"elementor-element elementor-element-e73e81d elementor-widget elementor-widget-spacer\" data-id=\"e73e81d\" data-element_type=\"widget\" data-widget_type=\"spacer.default\">\n\t\t\t\t<div class=\"elementor-widget-container\">\n\t\t\t\t\t<div class=\"elementor-spacer\">\n\t\t\t<div class=\"elementor-spacer-inner\"><\/div>\n\t\t<\/div>\n\t\t\t\t<\/div>\n\t\t\t\t<\/div>\n\t\t\t\t\t<\/div>\n\t\t<\/div>\n\t\t\t\t\t<\/div>\n\t\t<\/section>\n\t\t\t\t<\/div>","protected":false},"excerpt":{"rendered":"<p>Become a Member of Sunlight Church Are you new to the church and want to learn more about us? Have you been coming for a while and want to take [&hellip;]<\/p>","protected":false},"author":1,"featured_media":1756,"parent":2287,"menu_order":0,"comment_status":"closed","ping_status":"closed","template":"","meta":{"footnotes":""},"class_list":["post-1753","page","type-page","status-publish","has-post-thumbnail","hentry"],"_links":{"self":[{"href":"https:\/\/slw.sunlightchurch.com\/es\/wp-json\/wp\/v2\/pages\/1753","targetHints":{"allow":["GET"]}}],"collection":[{"href":"https:\/\/slw.sunlightchurch.com\/es\/wp-json\/wp\/v2\/pages"}],"about":[{"href":"https:\/\/slw.sunlightchurch.com\/es\/wp-json\/wp\/v2\/types\/page"}],"author":[{"embeddable":true,"href":"https:\/\/slw.sunlightchurch.com\/es\/wp-json\/wp\/v2\/users\/1"}],"replies":[{"embeddable":true,"href":"https:\/\/slw.sunlightchurch.com\/es\/wp-json\/wp\/v2\/comments?post=1753"}],"version-history":[{"count":8,"href":"https:\/\/slw.sunlightchurch.com\/es\/wp-json\/wp\/v2\/pages\/1753\/revisions"}],"predecessor-version":[{"id":8987,"href":"https:\/\/slw.sunlightchurch.com\/es\/wp-json\/wp\/v2\/pages\/1753\/revisions\/8987"}],"up":[{"embeddable":true,"href":"https:\/\/slw.sunlightchurch.com\/es\/wp-json\/wp\/v2\/pages\/2287"}],"wp:featuredmedia":[{"embeddable":true,"href":"https:\/\/slw.sunlightchurch.com\/es\/wp-json\/wp\/v2\/media\/1756"}],"wp:attachment":[{"href":"https:\/\/slw.sunlightchurch.com\/es\/wp-json\/wp\/v2\/media?parent=1753"}],"curies":[{"name":"wp","href":"https:\/\/api.w.org\/{rel}","templated":true}]}}