{"id":147,"date":"2020-03-21T05:18:11","date_gmt":"2020-03-21T02:18:11","guid":{"rendered":"https:\/\/jpa.mbc.mybluehost.me\/.website_9c6ec746\/?page_id=147"},"modified":"2023-11-21T10:13:56","modified_gmt":"2023-11-21T15:13:56","slug":"our-beliefs","status":"publish","type":"page","link":"https:\/\/slw.sunlightchurch.com\/es\/our-beliefs\/","title":{"rendered":"Our Beliefs"},"content":{"rendered":"<div data-elementor-type=\"wp-page\" data-elementor-id=\"147\" class=\"elementor elementor-147\" data-elementor-post-type=\"page\">\n\t\t\t\t\t\t<section class=\"elementor-section elementor-top-section elementor-element elementor-element-304cd70 elementor-section-boxed elementor-section-height-default elementor-section-height-default\" data-id=\"304cd70\" data-element_type=\"section\">\n\t\t\t\t\t\t<div class=\"elementor-container elementor-column-gap-default\">\n\t\t\t\t\t<div class=\"elementor-column elementor-col-100 elementor-top-column elementor-element elementor-element-8bc5cbc\" data-id=\"8bc5cbc\" data-element_type=\"column\">\n\t\t\t<div class=\"elementor-widget-wrap elementor-element-populated\">\n\t\t\t\t\t\t<div class=\"elementor-element elementor-element-2e022b6 elementor-widget elementor-widget-spacer\" data-id=\"2e022b6\" data-element_type=\"widget\" data-widget_type=\"spacer.default\">\n\t\t\t\t<div class=\"elementor-widget-container\">\n\t\t\t\t\t<div class=\"elementor-spacer\">\n\t\t\t<div class=\"elementor-spacer-inner\"><\/div>\n\t\t<\/div>\n\t\t\t\t<\/div>\n\t\t\t\t<\/div>\n\t\t\t\t<div class=\"elementor-element elementor-element-0beb77a elementor-widget elementor-widget-heading\" data-id=\"0beb77a\" data-element_type=\"widget\" data-widget_type=\"heading.default\">\n\t\t\t\t<div class=\"elementor-widget-container\">\n\t\t\t<h1 class=\"elementor-heading-title elementor-size-xl\">Lo que creemos a la luz del sol<\/h1>\t\t<\/div>\n\t\t\t\t<\/div>\n\t\t\t\t<div class=\"elementor-element elementor-element-4afd3f7 elementor-widget elementor-widget-image\" data-id=\"4afd3f7\" data-element_type=\"widget\" data-widget_type=\"image.default\">\n\t\t\t\t<div class=\"elementor-widget-container\">\n\t\t\t\t\t\t\t\t\t\t\t\t\t<img fetchpriority=\"high\" decoding=\"async\" width=\"2560\" height=\"948\" src=\"https:\/\/slw.sunlightchurch.com\/wp-content\/uploads\/2023\/09\/finishedbuildinglower-scaled.jpg\" class=\"attachment-full size-full wp-image-7113\" alt=\"\" srcset=\"https:\/\/slw.sunlightchurch.com\/wp-content\/uploads\/2023\/09\/finishedbuildinglower-scaled.jpg 2560w, https:\/\/slw.sunlightchurch.com\/wp-content\/uploads\/2023\/09\/finishedbuildinglower-300x111.jpg 300w, https:\/\/slw.sunlightchurch.com\/wp-content\/uploads\/2023\/09\/finishedbuildinglower-1024x379.jpg 1024w, https:\/\/slw.sunlightchurch.com\/wp-content\/uploads\/2023\/09\/finishedbuildinglower-768x284.jpg 768w, https:\/\/slw.sunlightchurch.com\/wp-content\/uploads\/2023\/09\/finishedbuildinglower-48x18.jpg 48w, https:\/\/slw.sunlightchurch.com\/wp-content\/uploads\/2023\/09\/finishedbuildinglower-1000x370.jpg 1000w, https:\/\/slw.sunlightchurch.com\/wp-content\/uploads\/2023\/09\/finishedbuildinglower-600x222.jpg 600w, https:\/\/slw.sunlightchurch.com\/wp-content\/uploads\/2023\/09\/finishedbuildinglower-200x74.jpg 200w, https:\/\/slw.sunlightchurch.com\/wp-content\/uploads\/2023\/09\/finishedbuildinglower-1536x569.jpg 1536w, https:\/\/slw.sunlightchurch.com\/wp-content\/uploads\/2023\/09\/finishedbuildinglower-2048x759.jpg 2048w\" sizes=\"(max-width: 2560px) 100vw, 2560px\" \/>\t\t\t\t\t\t\t\t\t\t\t\t\t<\/div>\n\t\t\t\t<\/div>\n\t\t\t\t<div class=\"elementor-element elementor-element-7fdeaf5 elementor-invisible elementor-widget elementor-widget-text-editor\" data-id=\"7fdeaf5\" data-element_type=\"widget\" data-settings=\"{&quot;_animation&quot;:&quot;slideInUp&quot;}\" data-widget_type=\"text-editor.default\">\n\t\t\t\t<div class=\"elementor-widget-container\">\n\t\t\t\t\t\t\t<h1 style=\"text-align: center;\"><span style=\"color: #ff6600;\">Nuestras Creencias: \u201cPecado, Salvaci\u00f3n, Servicio\u201d<\/span><\/h1><h2>\u00a0<\/h2><h2 style=\"text-align: center;\"><span style=\"color: #ff6600;\">PECADO<\/span><\/h2><h3>Creemos que como resultado de la ca\u00edda, todo ser humano tiene una naturaleza pecaminosa y no est\u00e1 a la altura.<\/h3><p style=\"padding-left: 40px;\">Dios tiene un problema conmigo porque no estoy a la altura de Su est\u00e1ndar perfecto. Aunque Dios cre\u00f3 a los humanos buenos y a Su propia imagen, he violado la ley repetidamente, cometiendo cr\u00edmenes contra \u00c9l y contra otros en mis pensamientos, palabras y acciones. Tengo una tendencia natural a odiar a Dios y a mi pr\u00f3jimo.<\/p><h3>Creemos que Dios es recto y justo. Esto resulta en mi castigo, es decir, la muerte.<\/h3><p style=\"padding-left: 40px;\">Dios es justo y perfecto. Mi pecado es una barrera para Su abrazo. Dios es justo y debe castigar cada pecado que he cometido o cometer\u00e9. El castigo es la muerte, el castigo eterno del cuerpo y del alma.<\/p><h3>Creemos que las buenas obras no funcionar\u00e1n.<\/h3><p style=\"padding-left: 40px;\">No hay nada que pueda hacer para ser aceptable ante Dios, no importa cu\u00e1nto lo intente o cu\u00e1n religioso me vuelva. En realidad, cada d\u00eda aumento mi culpa.<\/p><h2>\u00a0<\/h2><h2 style=\"text-align: center;\"><span style=\"color: #ff6600;\">SALVACI\u00d3N<\/span><\/h2><h3>Creemos que Dios es amoroso y misericordioso, por eso proporcion\u00f3 un sustituto.<\/h3><p style=\"padding-left: 40px;\">En su amor, Dios proporcion\u00f3 un sustituto, alguien que tomara el castigo por m\u00ed. Ninguna otra criatura podr\u00eda realizar esta obra, por eso Dios Padre envi\u00f3 a Dios Hijo para ser este sustituto.<\/p><h3>Creemos que Jes\u00fas es el sustituto perfecto.<\/h3><p style=\"padding-left: 40px;\">1. Verdaderamente humano y verdaderamente justo: Jes\u00fas era completamente humano y vivi\u00f3 una vida sin pecado. La naturaleza humana, que ha pecado, debe pagar por su pecado. Un pecador nunca podr\u00eda pagar por otro pecador.<br \/>2. Dios verdadero: S\u00f3lo por el poder de su divinidad pudo Cristo soportar el peso de la ira de Dios.<\/p><h3>Creemos que Cristo muri\u00f3 y resucit\u00f3.<\/h3><p style=\"padding-left: 40px;\">Dios puso mis pecados sobre Jes\u00fas y lo castig\u00f3 en mi lugar en la cruz. Jes\u00fas muri\u00f3 y fue sepultado. Al tercer d\u00eda resucit\u00f3 de entre los muertos, demostrando que mis dos enemigos, el pecado y la muerte, han sido completamente vencidos. Esto garantiza mi gloriosa resurrecci\u00f3n.<\/p><h2>\u00a0<\/h2><h2 style=\"text-align: center;\"><span style=\"color: #ff6600;\">SERVICIO<\/span><\/h2><h3>Creemos que Jes\u00fas nos invita a una nueva vida a trav\u00e9s del arrepentimiento y la conversi\u00f3n.<\/h3><p style=\"padding-left: 40px;\">Jes\u00fas ofrece el perd\u00f3n de los pecados y el regalo de la vida eterna. \u00c9l ofrece esto a aquellos que, mediante la obra del Esp\u00edritu y por la fe verdadera, conf\u00edan en \u00c9l. Jes\u00fas los salva del pecado y de la condenaci\u00f3n eterna a una vida nueva vivida con y para \u00c9l.<\/p><h3>Creemos que somos salvos para hacer buenas obras.<\/h3><p style=\"padding-left: 40px;\">Cristo por Su Esp\u00edritu me est\u00e1 renovando para ser como \u00c9l mismo para que:<br \/>a. Con mi vida demuestro que estoy agradecido a Dios y lo alabo.<br \/>b. Por las buenas obras tengo seguridad de mi fe por sus frutos<br \/>C. Otros pueden ser ganados para Cristo.<\/p>\t\t\t\t\t\t<\/div>\n\t\t\t\t<\/div>\n\t\t\t\t\t<\/div>\n\t\t<\/div>\n\t\t\t\t\t<\/div>\n\t\t<\/section>\n\t\t\t\t<section class=\"elementor-section elementor-top-section elementor-element elementor-element-cbf1000 elementor-section-boxed elementor-section-height-default elementor-section-height-default\" data-id=\"cbf1000\" data-element_type=\"section\">\n\t\t\t\t\t\t<div class=\"elementor-container elementor-column-gap-default\">\n\t\t\t\t\t<div class=\"elementor-column elementor-col-100 elementor-top-column elementor-element elementor-element-6e05d3c\" data-id=\"6e05d3c\" data-element_type=\"column\">\n\t\t\t<div class=\"elementor-widget-wrap elementor-element-populated\">\n\t\t\t\t\t\t<div class=\"elementor-element elementor-element-f13851b elementor-widget elementor-widget-spacer\" data-id=\"f13851b\" data-element_type=\"widget\" data-widget_type=\"spacer.default\">\n\t\t\t\t<div class=\"elementor-widget-container\">\n\t\t\t\t\t<div class=\"elementor-spacer\">\n\t\t\t<div class=\"elementor-spacer-inner\"><\/div>\n\t\t<\/div>\n\t\t\t\t<\/div>\n\t\t\t\t<\/div>\n\t\t\t\t\t<\/div>\n\t\t<\/div>\n\t\t\t\t\t<\/div>\n\t\t<\/section>\n\t\t\t\t<\/div>","protected":false},"excerpt":{"rendered":"<p>What We Believe at Sunlight Our Beliefs: &#8220;Sin, Salvation, Service&#8221; \u00a0 SIN We believe that as a result of the fall, every human being has a sinful nature and doesn\u2019t [&hellip;]<\/p>","protected":false},"author":1,"featured_media":0,"parent":0,"menu_order":0,"comment_status":"closed","ping_status":"closed","template":"","meta":{"footnotes":""},"class_list":["post-147","page","type-page","status-publish","hentry"],"_links":{"self":[{"href":"https:\/\/slw.sunlightchurch.com\/es\/wp-json\/wp\/v2\/pages\/147","targetHints":{"allow":["GET"]}}],"collection":[{"href":"https:\/\/slw.sunlightchurch.com\/es\/wp-json\/wp\/v2\/pages"}],"about":[{"href":"https:\/\/slw.sunlightchurch.com\/es\/wp-json\/wp\/v2\/types\/page"}],"author":[{"embeddable":true,"href":"https:\/\/slw.sunlightchurch.com\/es\/wp-json\/wp\/v2\/users\/1"}],"replies":[{"embeddable":true,"href":"https:\/\/slw.sunlightchurch.com\/es\/wp-json\/wp\/v2\/comments?post=147"}],"version-history":[{"count":8,"href":"https:\/\/slw.sunlightchurch.com\/es\/wp-json\/wp\/v2\/pages\/147\/revisions"}],"predecessor-version":[{"id":8993,"href":"https:\/\/slw.sunlightchurch.com\/es\/wp-json\/wp\/v2\/pages\/147\/revisions\/8993"}],"wp:attachment":[{"href":"https:\/\/slw.sunlightchurch.com\/es\/wp-json\/wp\/v2\/media?parent=147"}],"curies":[{"name":"wp","href":"https:\/\/api.w.org\/{rel}","templated":true}]}}